{"id":102,"date":"2022-02-08T08:46:02","date_gmt":"2022-02-08T08:46:02","guid":{"rendered":"https:\/\/regionordvest.ro\/?page_id=102"},"modified":"2022-08-26T11:52:43","modified_gmt":"2022-08-26T08:52:43","slug":"arhiva-por-nv-2021-2027","status":"publish","type":"page","link":"https:\/\/old.regionordvest.ro\/?page_id=102","title":{"rendered":"Arhiva PR Nord-Vest 2021-2027"},"content":{"rendered":"\n<p class=\"has-white-color has-vivid-red-background-color has-text-color has-background\"><strong>Programul Regional Nord-Vest 2021-2027 \u2013 draft 5 poate fi desc\u0103rcat cu un click pe butonul de mai jos:<\/strong><\/p>\n\n\n\n<div class=\"wp-block-file\"><object class=\"wp-block-file__embed\" data=\"https:\/\/regionordvest.ro\/wp-content\/uploads\/2022\/08\/POR-NV-2021_2027-draft-5-din-09.12.2021.pdf\" type=\"application\/pdf\" style=\"width:100%;height:600px\" aria-label=\"\u00cenglobare pentru <strong&gt;Programul Regional Nord-Vest 2021-2027 \u2013 v5<\/strong&gt;.\"><\/object><a id=\"wp-block-file--media-003344a6-313f-4ad7-bbbd-58e0453561ab\" href=\"https:\/\/regionordvest.ro\/wp-content\/uploads\/2022\/08\/POR-NV-2021_2027-draft-5-din-09.12.2021.pdf\"><strong>Programul Regional Nord-Vest 2021-2027 \u2013 v5<\/strong><\/a><a href=\"https:\/\/regionordvest.ro\/wp-content\/uploads\/2022\/08\/POR-NV-2021_2027-draft-5-din-09.12.2021.pdf\" class=\"wp-block-file__button\" download aria-describedby=\"wp-block-file--media-003344a6-313f-4ad7-bbbd-58e0453561ab\">Descarc\u0103<\/a><\/div>\n\n\n\n<p class=\"has-white-color has-vivid-red-background-color has-text-color has-background\"><strong><strong>Programul Regional <\/strong>Nord-Vest 2021-2027 \u2013 draft 4 poate fi desc\u0103rcat cu un click pe butonul de mai jos:<\/strong><\/p>\n\n\n\n<div class=\"wp-block-file\"><object class=\"wp-block-file__embed\" data=\"https:\/\/regionordvest.ro\/wp-content\/uploads\/2022\/08\/POR-NV-2021_2027-din-01nov2021.pdf\" type=\"application\/pdf\" style=\"width:100%;height:600px\" aria-label=\"\u00cenglobare pentru <strong&gt;Programul Regional Nord-Vest 2021-2027 \u2013 v4<\/strong&gt;.\"><\/object><a id=\"wp-block-file--media-ec1ed4bc-0fdc-457b-8e38-3c987c7780e5\" href=\"https:\/\/regionordvest.ro\/wp-content\/uploads\/2022\/08\/POR-NV-2021_2027-din-01nov2021.pdf\"><strong>Programul Regional Nord-Vest 2021-2027 \u2013 v4<\/strong><\/a><a href=\"https:\/\/regionordvest.ro\/wp-content\/uploads\/2022\/08\/POR-NV-2021_2027-din-01nov2021.pdf\" class=\"wp-block-file__button\" download aria-describedby=\"wp-block-file--media-ec1ed4bc-0fdc-457b-8e38-3c987c7780e5\">Descarc\u0103<\/a><\/div>\n\n\n\n<p>La \u00eenceputul lunii septembrie 2021, ADR Nord-Vest a transmis Comisiei Europene, Ministerului Investi\u021biilor \u0219i Proiectelor Europene, precum \u0219i Ministerului Dezvolt\u0103rii, Lucr\u0103rilor Publice \u0219i Administra\u021biei a treia versiune a PR Nord-Vest 2021-2027, pentru analiz\u0103 \u0219i negociere.<\/p>\n\n\n\n<p class=\"has-white-color has-vivid-red-background-color has-text-color has-background\"><strong>Programul Regional Nord-Vest 2021-2027 \u2013 draft 3 poate fi desc\u0103rcat cu un click pe butonul de mai jos:<\/strong><\/p>\n\n\n\n<div class=\"wp-block-file\"><object class=\"wp-block-file__embed\" data=\"https:\/\/regionordvest.ro\/wp-content\/uploads\/2022\/02\/POR-NV-sept-2021-v3-site-1.pdf\" type=\"application\/pdf\" style=\"width:100%;height:600px\" aria-label=\"\u00cenglobare pentru <strong&gt;Programul Regional Nord-Vest 2021-2027 v3<\/strong&gt;.\"><\/object><a id=\"wp-block-file--media-83b5eac5-9bb9-4738-aefa-1c74403bb302\" href=\"https:\/\/regionordvest.ro\/wp-content\/uploads\/2022\/02\/POR-NV-sept-2021-v3-site-1.pdf\"><strong>Programul Regional Nord-Vest 2021-2027 v3<\/strong><\/a><a href=\"https:\/\/regionordvest.ro\/wp-content\/uploads\/2022\/02\/POR-NV-sept-2021-v3-site-1.pdf\" class=\"wp-block-file__button\" download aria-describedby=\"wp-block-file--media-83b5eac5-9bb9-4738-aefa-1c74403bb302\">Descarc\u0103<\/a><\/div>\n\n\n\n<p>Fa\u021b\u0103 de versiunea 2 (mai jos), documentul \u00een versiunea 3 a integrat modific\u0103ri ap\u0103rute \u00een regulamentele europene finale, &nbsp;comentariile primite din partea Comisiei Europene, noi abord\u0103ri provenite din consultarea partenerilor na\u021bionali \u0219i locali, &nbsp;actualiz\u0103ri ale indicatorilor de realizare \u0219i rezultat. <\/p>\n\n\n\n<p><strong>Principalele priorit\u0103\u021bi de interven\u021bie \u0219i anvelopa financiar\u0103<\/strong> prev\u0103zute vizeaz\u0103 urm\u0103toarele domenii:<\/p>\n\n\n\n<p>\u2022 Prioritatea 1 : <strong>O regiune competitiv\u0103 prin inovare, digitalizare \u0219i \u00eentreprinderi dinamice<\/strong> \u2013 327,904 mil euro<br>\u2022 Prioritatea 2 : <strong>O regiune cu localit\u0103\u021bi smart <\/strong>\u2013 44,629 mil euro<br>\u2022 Prioritatea 3 :<strong> O regiune cu localit\u0103\u021bi prietenoase cu mediul<\/strong> \u2013 230,666 mil euro<br>\u2022 Prioritatea 4 : <strong>O regiune cu mobilitate urban\u0103 multimodal\u0103 sustenabil\u0103<\/strong> \u2013 305,155 mil euro<br>\u2022 Prioritatea 5 : <strong>O regiune accesibil\u0103 <\/strong>\u2013 184,979 mil euro<br>\u2022 Prioritatea 6 : <strong>O regiune educat\u0103<\/strong> \u2013 75,680 mil euro<br>\u2022 Prioritatea 7 : <strong>O regiune atractiv\u0103<\/strong> \u2013 210,363 mil euro<br>\u2022 Asisten\u021b\u0103 tehnic\u0103 : 62,068 mil euro<\/p>\n\n\n\n<p>La sf\u00e2r\u0219itul lunii aprilie 2021, ADR Nord-Vest a transmis Comisiei Europene, Ministerului Investi\u021biilor \u0219i Proiectelor Europene, precum \u0219i Ministerului Dezvolt\u0103rii, Lucr\u0103rilor Publice \u0219i Administra\u021biei a doua \u00a0versiune a PR Nord-Vest 2021-2027, pentru analiz\u0103 \u0219i negociere. Prima versiune a programului a fost transmis\u0103 la sf\u00e2r\u0219itul lunii septembrie 2020.<\/p>\n\n\n\n<p class=\"has-white-color has-vivid-red-background-color has-text-color has-background\"><strong><strong>Programul Regional<\/strong> Nord-Vest 2021-2027 \u2013 draft 2 poate fi desc\u0103rcat cu un click pe butonul de mai jos:<\/strong><\/p>\n\n\n\n<div class=\"wp-block-file\"><object class=\"wp-block-file__embed\" data=\"https:\/\/regionordvest.ro\/wp-content\/uploads\/2022\/02\/POR-NV-2021-2027-Draft-2.pdf\" type=\"application\/pdf\" style=\"width:100%;height:600px\" aria-label=\"\u00cenglobare pentru <strong&gt;Programul Regional Nord-Vest 2021-2027 v2<\/strong&gt;.\"><\/object><a id=\"wp-block-file--media-265a4317-46e4-4097-aafd-1072f79f5d5f\" href=\"https:\/\/regionordvest.ro\/wp-content\/uploads\/2022\/02\/POR-NV-2021-2027-Draft-2.pdf\"><strong>Programul Regional Nord-Vest 2021-2027 v2<\/strong><\/a><a href=\"https:\/\/regionordvest.ro\/wp-content\/uploads\/2022\/02\/POR-NV-2021-2027-Draft-2.pdf\" class=\"wp-block-file__button\" download aria-describedby=\"wp-block-file--media-265a4317-46e4-4097-aafd-1072f79f5d5f\">Descarc\u0103<\/a><\/div>\n\n\n\n<p>Fa\u021b\u0103 de versiunea 1 (mai jos), documentul \u00een versiunea 2 a integrat modific\u0103ri ap\u0103rute \u00een proiectele regulamentelor europene, &nbsp;comentariile primite din partea Comisiei Europene, noi abord\u0103ri provenite din consultarea partenerilor na\u021bionali \u0219i locali, &nbsp;actualiz\u0103ri ale indicatorilor de realizare \u0219i rezultat.<\/p>\n\n\n\n<p><strong>Principalele priorit\u0103\u021bi de interven\u021bie \u0219i anvelopa financiar\u0103<\/strong>&nbsp;prev\u0103zute vizeaz\u0103 urm\u0103toarele domenii:<\/p>\n\n\n\n<ul><li>Prioritatea 1 :\u00a0<strong>O regiune competitiv\u0103 prin inovare, digitalizare \u0219i \u00eentreprinderi dinamice<\/strong>\u00a0\u2013 284,251 mil euro.<\/li><li>Prioritatea 2\u00a0<strong>: O regiune cu localit\u0103\u021bi smart<\/strong>\u00a0\u2013 138,284 mil euro<\/li><li>Prioritatea 3 :\u00a0<strong>O regiune cu ora\u0219e prietenoase cu mediul<\/strong>\u00a0\u2013 230,666 mil euro<\/li><li>Prioritatea 4 : <strong>O regiune cu mobilitate urban\u0103 multimodal\u0103 sustenabil\u0103<\/strong> \u2013 320,155 mil euro<\/li><li>Prioritatea 5 :\u00a0<strong>O regiune accesibil\u0103<\/strong>\u00a0\u2013 194,979 mil euro<\/li><li>Prioritatea 6 :\u00a0<strong>O regiune educat\u0103<\/strong>\u00a0\u2013 102,093 mil euro<\/li><li>Prioritatea 7 :\u00a0<strong>O regiune atractiv\u0103<\/strong>\u00a0\u2013 108,951 mil euro<\/li><li>Asisten\u021b\u0103 tehnic\u0103 : 62,068 mil euro<\/li><\/ul>\n\n\n\n<p>\u00centregul proces de elaborare al PR Nord-Vest 2021-2027 a urm\u0103rit\u00a0<strong>corelarea cu documentele de planificare existente<\/strong>\u00a0la nivel regional (<a rel=\"noreferrer noopener\" href=\"https:\/\/www.nord-vest.ro\/planul-de-dezvoltare-regionala-2021-2027\/\" target=\"_blank\">Planul de Dezvoltare Regional\u0103 Nord-Vest 2021-2027<\/a>,\u00a0<a rel=\"noreferrer noopener\" href=\"https:\/\/www.nord-vest.ro\/strategia-de-specializare-inteligenta-a-regiunii-de-dezvoltare-nord-vest-ris3-n-v-2021-2027\/\" target=\"_blank\">Strategia de Specializare Inteligent\u0103 Nord-Vest RIS3<\/a>,\u00a0<a rel=\"noreferrer noopener\" href=\"https:\/\/www.nord-vest.ro\/strategia-regionala-de-mobilitate-urbana-durabila-si-orase-inteligente-a-regiunii-de-dezvoltare-nord-vest-2021-2027\/\" target=\"_blank\">Strategia Regional\u0103 de Mobilitate Urban\u0103 \u0219i Ora\u0219e Inteligente 2021-2027<\/a>). De asemenea, s-au urmat liniile strategice ale politicii de coeziune europene, ac\u021biunile\u00a0propuse prin PR Nord-Vest 2021-2027 fiind concentrate pe cele 5 obiective de politic\u0103 (OP) ale Comisiei Europene:<\/p>\n\n\n\n<ul><li>OP 1 :&nbsp;<strong>O Europ\u0103 mai inteligent\u0103 \u0219i mai competitiv\u0103<\/strong>, prin promovarea unei transform\u0103ri economice inovatoare \u0219i inteligente \u0219i a conectivit\u0103\u021bii regionale TIC.<\/li><li>OP2 :&nbsp;<strong>O Europ\u0103 mai ecologic\u0103<\/strong>, care realizeaz\u0103 tranzi\u021bia c\u0103tre o economie f\u0103r\u0103 emisii de carbon \u0219i mai reziliente, prin promovarea unei tranzi\u021bii energetice curate \u0219i corecte, investi\u021bii verzi \u0219i albastre, economia circular\u0103, atenuarea \u0219i adaptarea la schimb\u0103rile climatice, prevenirea \u0219i gestionarea riscurilor \u0219i mobilitatea urban\u0103 durabil\u0103<\/li><li>OP3 :&nbsp;<strong>O Europ\u0103 mai conectat\u0103<\/strong>, prin dezvoltarea mobilit\u0103\u021bii<\/li><li>OP4 :&nbsp;<strong>O Europ\u0103 mai social\u0103<\/strong>&nbsp;\u0219i incluziv\u0103 prin implementarea Pilonului european al drepturilor sociale<\/li><li>OP5 :&nbsp;<strong>O Europ\u0103 mai apropiat\u0103 de cet\u0103\u021beni&nbsp;<\/strong>prin promovarea dezvolt\u0103rii durabile \u0219i integrate a tuturor tipurilor de teritorii \u0219i a ini\u021biativelor locale.\u201d<\/li><\/ul>\n\n\n\n<p class=\"has-white-color has-vivid-red-background-color has-text-color has-background\"><strong>Programul Regional Nord-Vest 2021-2027 \u2013 draft 1 poate fi desc\u0103rcat cu un click pe butonul de mai jos:<\/strong> <\/p>\n\n\n\n<div class=\"wp-block-file\"><object class=\"wp-block-file__embed\" data=\"https:\/\/regionordvest.ro\/wp-content\/uploads\/2022\/02\/POR-NV-2021-2027-29sept20-draft1-1.pdf\" type=\"application\/pdf\" style=\"width:100%;height:600px\" aria-label=\"\u00cenglobare pentru <strong&gt;Programul Regional Nord-Vest 2021-2027 v1<\/strong&gt;.\"><\/object><a id=\"wp-block-file--media-83a9fdaf-f047-4f56-b362-dfb5a4e5bec8\" href=\"https:\/\/regionordvest.ro\/wp-content\/uploads\/2022\/02\/POR-NV-2021-2027-29sept20-draft1-1.pdf\"><strong>Programul Regional Nord-Vest 2021-2027 v1<\/strong><\/a><a href=\"https:\/\/regionordvest.ro\/wp-content\/uploads\/2022\/02\/POR-NV-2021-2027-29sept20-draft1-1.pdf\" class=\"wp-block-file__button\" download aria-describedby=\"wp-block-file--media-83a9fdaf-f047-4f56-b362-dfb5a4e5bec8\">Descarc\u0103<\/a><\/div>\n\n\n\n<p>Referin\u021be:<\/p>\n\n\n\n<ul><li><a rel=\"noreferrer noopener\" href=\"https:\/\/www.nord-vest.ro\/planul-de-dezvoltare-regionala-2021-2027\/\" target=\"_blank\"><strong>Planul de Dezvoltare Regional\u0103 Nord-Vest 2021-2027<\/strong><\/a><\/li><li><a rel=\"noreferrer noopener\" href=\"https:\/\/www.nord-vest.ro\/strategia-de-specializare-inteligenta-a-regiunii-de-dezvoltare-nord-vest-ris3-n-v-2021-2027\/\" target=\"_blank\"><strong>Strategia de Specializare Inteligent\u0103 Nord-Vest RIS3<\/strong><\/a><\/li><li><a rel=\"noreferrer noopener\" href=\"https:\/\/www.nord-vest.ro\/strategia-regionala-de-mobilitate-urbana-durabila-si-orase-inteligente-a-regiunii-de-dezvoltare-nord-vest-2021-2027\/\" target=\"_blank\"><strong>Strategia Regional\u0103 de Mobilitate Urban\u0103 \u0219i Ora\u0219e Inteligente 2021-2027<\/strong><\/a><\/li><li><a rel=\"noreferrer noopener\" href=\"https:\/\/www.nord-vest.ro\/portofoliu-de-proiecte-in-pregatire-pentru-perioada-2021-2027\/\" target=\"_blank\"><strong>(POAT 2014-2020) Portofoliu de proiecte \u00een preg\u0103tire pentru perioada 2021-2027<\/strong> <\/a><\/li><li><strong><a rel=\"noreferrer noopener\" href=\"https:\/\/www.nord-vest.ro\/studii-si-analize\/\" target=\"_blank\" data-type=\"URL\" data-id=\"https:\/\/www.nord-vest.ro\/studii-si-analize\/\">Studii \u015fi analiz<\/a><a href=\"https:\/\/www.nord-vest.ro\/studii-si-analize\/\" data-type=\"URL\" data-id=\"https:\/\/www.nord-vest.ro\/studii-si-analize\/\" target=\"_blank\" rel=\"noreferrer noopener\">e<\/a><\/strong><\/li><\/ul>\n","protected":false},"excerpt":{"rendered":"<p>Programul Regional Nord-Vest 2021-2027 \u2013 draft 5 poate fi desc\u0103rcat cu un click pe butonul de mai jos: Programul Regional Nord-Vest 2021-2027 \u2013 draft 4 poate fi desc\u0103rcat cu un click pe butonul de mai jos: La \u00eenceputul lunii septembrie 2021, ADR Nord-Vest a transmis Comisiei Europene, Ministerului Investi\u021biilor \u0219i Proiectelor Europene, precum \u0219i Ministerului [&hellip;]<\/p>\n","protected":false},"author":1,"featured_media":0,"parent":0,"menu_order":0,"comment_status":"closed","ping_status":"closed","template":"templates\/template-full-width.php","meta":{"beyondwords_generate_audio":"","beyondwords_project_id":"","beyondwords_podcast_id":"","beyondwords_hash":"","beyondwords_error_message":"","beyondwords_disabled":"","publish_post_to_speechkit":"","speechkit_generate_audio":"","speechkit_project_id":"","speechkit_podcast_id":"","speechkit_hash":"","speechkit_error_message":"","speechkit_disabled":"","speechkit_access_key":"","speechkit_error":"","speechkit_info":"","speechkit_response":"","speechkit_retries":"","speechkit_status":"","_speechkit_disable_generate_audio":"","_speechkit_link":"","_speechkit_text":""},"_links":{"self":[{"href":"https:\/\/old.regionordvest.ro\/index.php?rest_route=\/wp\/v2\/pages\/102"}],"collection":[{"href":"https:\/\/old.regionordvest.ro\/index.php?rest_route=\/wp\/v2\/pages"}],"about":[{"href":"https:\/\/old.regionordvest.ro\/index.php?rest_route=\/wp\/v2\/types\/page"}],"author":[{"embeddable":true,"href":"https:\/\/old.regionordvest.ro\/index.php?rest_route=\/wp\/v2\/users\/1"}],"replies":[{"embeddable":true,"href":"https:\/\/old.regionordvest.ro\/index.php?rest_route=%2Fwp%2Fv2%2Fcomments&post=102"}],"version-history":[{"count":21,"href":"https:\/\/old.regionordvest.ro\/index.php?rest_route=\/wp\/v2\/pages\/102\/revisions"}],"predecessor-version":[{"id":673,"href":"https:\/\/old.regionordvest.ro\/index.php?rest_route=\/wp\/v2\/pages\/102\/revisions\/673"}],"wp:attachment":[{"href":"https:\/\/old.regionordvest.ro\/index.php?rest_route=%2Fwp%2Fv2%2Fmedia&parent=102"}],"curies":[{"name":"wp","href":"https:\/\/api.w.org\/{rel}","templated":true}]}}