{"id":130,"date":"2022-02-08T08:54:34","date_gmt":"2022-02-08T08:54:34","guid":{"rendered":"https:\/\/regionordvest.ro\/?page_id=130"},"modified":"2022-08-26T12:17:55","modified_gmt":"2022-08-26T09:17:55","slug":"mysmis-2014","status":"publish","type":"page","link":"https:\/\/old.regionordvest.ro\/?page_id=130","title":{"rendered":"MySMIS 2014"},"content":{"rendered":"\n<h4 id=\"aplicatia-mysmis-2014\">Aplica\u0163ia MySMIS 2014<\/h4>\n\n\n\n<p>Aplica\u0163ia MySMIS a fost elaborat\u0103 sub coordonarea Ministerului Fondurilor Europene \u015fi &nbsp;este un sistem prin care poten\u0163ialii beneficiari din Romania vor putea solicita banii europeni pentru perioada de programare 2014-2020. Aplica\u0163ia este unic\u0103 si va arata la fel pentru toate programele opera\u0163ionale. Leg\u0103tura va fi f\u0103cut\u0103 cu fiecare ghid \u00een parte \u015fi indica\u0163iile de completare vor fi de asemenea personalizate. Con\u0163inutul \u015fi tipul informa\u0163iilor solicitate vor fi diferite.<\/p>\n\n\n\n<p>Ve\u0163i putea intra \u00een aplica\u0163ia <strong>MySMIS 2014<\/strong> acces\u00e2nd link-ul de mai jos:<\/p>\n\n\n\n<figure class=\"wp-block-image is-resized\"><a href=\"https:\/\/2014.mysmis.ro\/frontOffice\/faces\/pages\/autentificare\/login.xhtml\" target=\"_blank\" rel=\"noopener\"><img loading=\"lazy\" src=\"http:\/\/www.nord-vest.ro\/wp-content\/uploads\/2016\/06\/MY-SMIS.png\" alt=\"MY SMIS\" width=\"402\" height=\"188\"\/><\/a><figcaption><a rel=\"noreferrer noopener\" href=\"https:\/\/2014.mysmis.ro\/frontOffice\/faces\/pages\/autentificare\/login.xhtml\" target=\"_blank\">Deschide<\/a><\/figcaption><\/figure>\n\n\n\n<p><strong><em>Manuale de utilizare pentru aplica\u021bia MySMIS<\/em><\/strong>:<\/p>\n\n\n\n<p>Manuale <strong>MySMIS2014 Front Office<\/strong> &#8211; versiunea actualizat\u0103 din mai 2021<\/p>\n\n\n\n<div class=\"wp-container-1 wp-block-buttons\">\n<div class=\"wp-block-button is-style-outline\"><a class=\"wp-block-button__link has-black-color has-text-color has-background\" href=\"https:\/\/www.nord-vest.ro\/wp-content\/uploads\/2021\/05\/Manual_de_utilizare_MySMIS2014_FO_GC_Cereri_de_finantare_26.05.21.pdf\" style=\"background-color:#ede3e3\" target=\"_blank\" rel=\"noreferrer noopener\"><strong>MODUL CERERE FINAN\u021aARE, CONT<\/strong><\/a><\/div>\n\n\n\n<div class=\"wp-block-button is-style-outline\"><a class=\"wp-block-button__link has-black-color has-text-color has-background\" href=\"https:\/\/www.nord-vest.ro\/wp-content\/uploads\/2021\/05\/Manual_de_utilizare_MySMIS2014_FO_Contractare_26.05.2021.pdf\" style=\"background-color:#ede3e3\" target=\"_blank\" rel=\"noreferrer noopener\"><strong>MODUL CONTRACTARE<\/strong><\/a><\/div>\n\n\n\n<div class=\"wp-block-button is-style-outline\"><a class=\"wp-block-button__link has-black-color has-text-color has-background\" href=\"https:\/\/www.nord-vest.ro\/wp-content\/uploads\/2021\/05\/Manual_de_utilizare_MySMIS2014_FO_Implementare_26.05.2021.pdf\" style=\"background-color:#ede3e3\" target=\"_blank\" rel=\"noreferrer noopener\"><strong>MODUL IMPLEMENTARE<\/strong><\/a><\/div>\n\n\n\n<div class=\"wp-block-button is-style-outline\"><a class=\"wp-block-button__link has-black-color has-text-color has-background\" href=\"https:\/\/www.nord-vest.ro\/wp-content\/uploads\/2021\/05\/Manual_de_utilizare_MySMIS2014_FO_Achizitii_26.05.2021.pdf\" style=\"background-color:#ede3e3\" target=\"_blank\" rel=\"noreferrer noopener\"><strong>MODUL ACHIZI\u021aII<\/strong><\/a><\/div>\n\n\n\n<div class=\"wp-block-button is-style-outline\"><a class=\"wp-block-button__link has-black-color has-text-color has-background\" href=\"https:\/\/www.nord-vest.ro\/wp-content\/uploads\/2021\/05\/Manual_de_utilizare_MySMIS2014_FO_Comunicare_26.05.2021.pdf\" style=\"background-color:#ede3e3\" target=\"_blank\" rel=\"noreferrer noopener\"><strong>MODUL COMUNICARE<\/strong><\/a><\/div>\n<\/div>\n","protected":false},"excerpt":{"rendered":"<p>Aplica\u0163ia MySMIS 2014 Aplica\u0163ia MySMIS a fost elaborat\u0103 sub coordonarea Ministerului Fondurilor Europene \u015fi &nbsp;este un sistem prin care poten\u0163ialii beneficiari din Romania vor putea solicita banii europeni pentru perioada de programare 2014-2020. Aplica\u0163ia este unic\u0103 si va arata la fel pentru toate programele opera\u0163ionale. Leg\u0103tura va fi f\u0103cut\u0103 cu fiecare ghid \u00een parte \u015fi [&hellip;]<\/p>\n","protected":false},"author":1,"featured_media":0,"parent":0,"menu_order":0,"comment_status":"closed","ping_status":"closed","template":"templates\/template-full-width.php","meta":{"beyondwords_generate_audio":"","beyondwords_project_id":"","beyondwords_podcast_id":"","beyondwords_hash":"","beyondwords_error_message":"","beyondwords_disabled":"","publish_post_to_speechkit":"","speechkit_generate_audio":"","speechkit_project_id":"","speechkit_podcast_id":"","speechkit_hash":"","speechkit_error_message":"","speechkit_disabled":"","speechkit_access_key":"","speechkit_error":"","speechkit_info":"","speechkit_response":"","speechkit_retries":"","speechkit_status":"","_speechkit_disable_generate_audio":"","_speechkit_link":"","_speechkit_text":""},"_links":{"self":[{"href":"https:\/\/old.regionordvest.ro\/index.php?rest_route=\/wp\/v2\/pages\/130"}],"collection":[{"href":"https:\/\/old.regionordvest.ro\/index.php?rest_route=\/wp\/v2\/pages"}],"about":[{"href":"https:\/\/old.regionordvest.ro\/index.php?rest_route=\/wp\/v2\/types\/page"}],"author":[{"embeddable":true,"href":"https:\/\/old.regionordvest.ro\/index.php?rest_route=\/wp\/v2\/users\/1"}],"replies":[{"embeddable":true,"href":"https:\/\/old.regionordvest.ro\/index.php?rest_route=%2Fwp%2Fv2%2Fcomments&post=130"}],"version-history":[{"count":8,"href":"https:\/\/old.regionordvest.ro\/index.php?rest_route=\/wp\/v2\/pages\/130\/revisions"}],"predecessor-version":[{"id":683,"href":"https:\/\/old.regionordvest.ro\/index.php?rest_route=\/wp\/v2\/pages\/130\/revisions\/683"}],"wp:attachment":[{"href":"https:\/\/old.regionordvest.ro\/index.php?rest_route=%2Fwp%2Fv2%2Fmedia&parent=130"}],"curies":[{"name":"wp","href":"https:\/\/api.w.org\/{rel}","templated":true}]}}