{"id":200,"date":"2022-02-08T09:50:45","date_gmt":"2022-02-08T09:50:45","guid":{"rendered":"https:\/\/regionordvest.ro\/?page_id=200"},"modified":"2022-07-21T15:59:11","modified_gmt":"2022-07-21T12:59:11","slug":"cookie-policy","status":"publish","type":"page","link":"https:\/\/old.regionordvest.ro\/?page_id=200","title":{"rendered":"COOKIE \u0218I GDPR"},"content":{"rendered":"<div data-beyondwords-player=\"true\" contenteditable=\"false\"><\/div><div class=\"cli_pg_page_contaner\">\n<div class=\"cli_pg_page_contaner\">\n<p><strong>Ce sunt cookie-urile?<\/strong><br \/>\nUn \u201ecookie\u201d este un mic fi\u0219ier text pe care un site \u00eel plaseaz\u0103 pe calculatorul sau pe dispozitivul dumneavoastr\u0103 mobil atunci c\u00e2nd \u00eel accesa\u021bi.<\/p>\n<p>Modulele cookie originale sunt instalate de site-ul pe care \u00eel vizita\u021bi. Ele pot fi citite doar de site-ul respectiv. \u00cen plus, site-urile utilizeaz\u0103 uneori servicii externe, care \u00ee\u0219i plaseaz\u0103 propriile cookie-uri \u2013 acestea sunt modulele cookie de la ter\u021bi.<br \/>\nCookie-urile persistente sunt modulele cookie salvate pe calculatorul dumneavoastr\u0103 care, spre deosebire de cookie-urile de sesiune, nu se \u0219terg automat atunci c\u00e2nd \u00eenchide\u021bi browserul.<br \/>\nDe fiecare dat\u0103 c\u00e2nd vizita\u021bi site-ul, ve\u021bi fi invitat s\u0103 accepta\u021bi sau s\u0103 refuza\u021bi cookie-urile.<\/p>\n<p>Scopul este de a permite site-ului s\u0103 v\u0103 re\u021bin\u0103 preferin\u021bele (cum ar fi numele de utilizator, limba etc.) pentru o anumit\u0103 perioad\u0103 de timp.<\/p>\n<p>Astfel, nu trebuie s\u0103 reintroduce\u021bi aceste date atunci c\u00e2nd naviga\u021bi pe site \u00een timpul aceleia\u0219i vizite.<\/p>\n<p>Cookie-urile pot fi utilizate, de asemenea, pentru a crea statistici anonimizate cu privire la experien\u021ba de navigare pe site.<\/p>\n<p><strong>Cum pute\u021bi gestiona cookie-urile?<\/strong><br \/>\nPute\u021bi s\u0103 gestiona\u021bi\/s\u0103 \u0219terge\u021bi cookie-urile dup\u0103 cum dori\u021bi \u2013 detalii pe&nbsp;<strong>aboutcookies.org.<\/strong><\/p>\n<p><strong>\u0218tergerea cookie-urilor de pe dispozitivul dumneavoastr\u0103<\/strong><\/p>\n<p>Pute\u021bi \u0219terge toate modulele cookie care se afl\u0103 deja pe dispozitivul dumneavoastr\u0103 \u0219terg\u00e2nd istoricul de navigare al browserului. Opera\u021biunea va \u0219terge toate modulele cookie de pe toate site-urile pe care le-a\u021bi vizitat.<\/p>\n<p>Aceasta \u00eenseamn\u0103 \u00eens\u0103 c\u0103 a\u021bi putea pierde unele informa\u021bii salvate (de exemplu, datele de conectare salvate sau preferin\u021bele de pe site).<\/p>\n<p><strong>Gestionarea modulelor cookie specifice unui anumit site<\/strong><\/p>\n<p>Pentru un control mai detaliat asupra modulelor cookie specifice unui site, verifica\u021bi set\u0103rile de confiden\u021bialitate \u0219i set\u0103rile modulelor cookie \u00een browserul dumneavoastr\u0103 preferat.<\/p>\n<p><strong>Blocarea cookie-urilor<\/strong><\/p>\n<p>Pe cele mai multe browsere moderne, pute\u021bi s\u0103 \u00eempiedica\u021bi plasarea tuturor cookie-urilor pe dispozitivul dumneavoastr\u0103. Aceasta poate \u00eensemna \u00eens\u0103 c\u0103 va trebui s\u0103 seta\u021bi manual anumite preferin\u021be de fiecare dat\u0103 c\u00e2nd vizita\u021bi un site\/o pagin\u0103. Este posibil ca anumite servicii \u0219i func\u021bionalit\u0103\u021bi s\u0103 nu func\u021bioneze corect (de exemplu, conectarea cu un anumit profil).<\/p>\n<p><strong>Not\u0103 de informare a persoanelor vizate privind protec\u021bia datelor cu caracter personal<\/strong><\/p>\n<ol>\n<li>Operatorul<br \/>\nAgen\u021bia de Dezvoltare Regionala Nord-Vest, cu sediul social \u00een R\u0103daia, Nr. 50, Comuna Baciu, jud. Cluj, 407059 \u0219i sediul secundar in Cluj-Napoca, Calea Doroban\u021bilor nr 3; av\u00e2nd codul unic de \u00eenregistrare: 11463302 \u0219i contul: IBAN RO40 RNCB 0106 0260 2891 0001 deschis la BCR Cluj reprezentat\u0103 prin director general dl. Marcel Ioan Bolo\u0219, \u00een calitate de Operator, este responsabil\u0103 de prelucrarea datelor tale cu caracter personal colectate direct sau indirect. Responsabilul privind protec\u021bia datelor al Agen\u021biei de Dezvoltare Nord-Vest este IT EMBASSY, e-mail: dataprotection@nord-vest.ro<\/li>\n<li>Persoana vizat\u0103<br \/>\nPersoan\u0103 vizat\u0103 este persoana fizic\u0103 ce este implicat\u0103 \u00een cadrul unor activit\u0103\u0163i desf\u0103\u015furate de noi, \u00een calitate de Operator sau de o persoana \u00eemputernicit\u0103 de Operator \u015fi pentru care sunt prelucrate date cu carater personal \u00een condi\u0163iile legii.<\/li>\n<li>Principiile prelucr\u0103rii<br \/>\nAcord\u0103m o aten\u021bie deosebit\u0103 protec\u021biei datelor personale prelucrate, motiv pentru care Agen\u021bia de Dezvoltare Regionala Nord-Vest a implementat m\u0103suri de securitate si proceduri de protec\u021bie a preluc\u0103rii datelor \u00een conformitate cu dispozitiile Regulamentului (EU) 679\/2016, cunoscut \u0219i sub denumirea de GDPR.<br \/>\nPrelucrarea datelor cu caracter personal va fi f\u0103cut\u0103 cu respectarea urm\u0103toarele principii:<br \/>\n\u2022 Legalitate, echitate \u0219i transparen\u021b\u0103<br \/>\no Prelucr\u0103m datele personale legal \u0219i corect. Suntem \u00eentotdeauna transparen\u021bi \u00een privin\u021ba informa\u021biilor pe care utiliz\u0103m, iar tu e\u0219ti informat corespunz\u0103tor.<br \/>\n\u2022 Controlul \u00ee\u021bi apar\u021bine<br \/>\no \u00cen limitele legii, \u00ee\u0163i oferim posibilitatea de examina, modifica, \u0219terge datele personale pe care le-ai \u00eemp\u0103rt\u0103\u0219it cu noi \u0219i de a-\u021bi exercita celelalte drepturi.<br \/>\n\u2022 Integritatea datelor \u0219i limitarea scopului<br \/>\no Utiliz\u0103m datele numai \u00een scopurile descrise la momentul colect\u0103rii sau \u00een noi scopuri compatibile cu cele ini\u021biale despre care vei fi informat. \u00cen toate cazurile, scopurile noastre sunt compatibile cu legisla\u021bia. Lu\u0103m m\u0103suri rezonabile pentru a ne asigura c\u0103 datele personale sunt corecte, complete \u0219i actualizate.<br \/>\n\u2022 Securitate<br \/>\nAm implementat m\u0103suri rezonabile de securitate \u0219i criptare, astfel \u00eenc\u00e2t s\u0103 \u00ee\u021bi protej\u0103m c\u00e2t mai bine datele. Cu toate acestea, re\u021bine faptul c\u0103 niciun site web, nicio aplica\u021bie \u0219i nicio conexiune la internet nu este complet sigur\u0103.<\/li>\n<li>Datele cu caracter personal colectate<br \/>\n4.1. Ce fel de date cu caracter personal prelucr\u0103m despre tine?<br \/>\nPrelucram datele cu caracter personal in scopuri determinate. Datele identificate mai jos pot fi preluctare integral sau doar par\u0163ial \u00een func\u0163ie de scopul ce determina necesitatea prelucr\u0103rii.<br \/>\n\u2022 Nume \u015fi prenume<br \/>\n\u2022 Cod Numeric Personal<br \/>\n\u2022 Seria \u015fi numarData na\u015fterii<br \/>\n\u2022 Adresa de domiciliu<br \/>\n\u2022 Contacte: E-mail, numar de telefon<br \/>\n\u2022 Curriculum vitae<br \/>\n\u2022 Cont bancar<br \/>\n\u2022 Studii \u015fi diplome ob\u0163inute<br \/>\n\u2022 Competen\u021be \u015fi aptitudini<br \/>\n\u2022 Imaginea foto-video<\/li>\n<\/ol>\n<p>4.2. De ce prelucr\u0103m aceste date?<br \/>\nPrelucr\u0103m datele tale \u00een scopuri determinate \u0219i legitime care includ, dar nu se limiteaz\u0103 la urm\u0103toarele:<br \/>\n\u2022 Organizarea evenimentelor in scopuri de informare;<br \/>\n\u2022 \u00cencheierea colabor\u0103rilor cu membrii echipelor de management;<br \/>\n\u2022 Recrutarea noilor angaja\u021bi pentru ocuparea locurilor de munc\u0103 din structura noastr\u0103 organizatoric\u0103;<br \/>\n\u2022 Informarea periodic\u0103 a beneficiarilor prin e-mailuri de tip news-letter \u015fi \u00een scop de promovare a proiectelor Agen\u021biei de Dezvoltare Regional\u0103 Nord-Vest;<br \/>\n\u2022 Asigurarea securit\u0103\u0163ii fizice a personalului \u015fi a bunurilor Operatorului;<\/p>\n<p>4.3. Care este temeiul legal pentru prelucrare?<br \/>\n\u2022 Prelucrarea este necesar\u0103 pentru exercitarea unui drept legitim, determinat de scopul prelucr\u0103rii.<br \/>\n\u2022 Ori de c\u00e2te ori prelucrarea datelor cu caracter personal este determinat\u0103 de respectarea unei dispozi\u0163ii legale, temeiul juridic al prelucrarii \u00eel reprezint\u0103 \u00eendeplinirea unei obliga\u021bii legale de c\u0103tre Operator.<br \/>\n4.4. C\u00e2t timp stoc\u0103m datele?<br \/>\nStoc\u0103m datele cu caracter personal doar pe perioada necesar\u0103 \u00eendeplinirii scopurilor pentru care au fost colectate, dar nu mai mult de 10 ani de la \u00eencetarea raportului juridic dintre p\u0103r\u0163i. La \u00eemplinirea termenului de prelucrare, datele cu caracter personal vor fi distruse sau \u0219terse din sistemele informatice sau transformate \u00een date anonime pentru a fi utilizate \u00een scopuri de cercetare \u0219tiin\u021bific\u0103, istoric\u0103 sau statistic\u0103, dup\u0103 caz.<br \/>\nRe\u021bine faptul c\u0103 \u00een anumite situa\u021bii expres reglementate, stoc\u0103m datele pe perioada care ne este impus\u0103 de lege.<br \/>\n4.5. Cum partaj\u0103m datele tale cu ceilal\u021bi?<br \/>\nPutem partaja datele tale, respect\u00e2nd legea aplicabil\u0103, cu operatori implicati in proceduri juridice contractuale, imputerniciti ai subscrisei, sub\u00eemputernici\u0163i aflati in raporturi contractuale, destinatari , respectiv autorit\u0103\u0163i fa\u0163\u0103 de care avem obligativitatea de a comunica date.<br \/>\nVom putea, comunica datele cu caracter personal c\u0103tre Parchet, Poli\u021bie, Instan\u021bele judec\u0103tore\u0219ti \u015fi\/sau alte autorit\u0103\u0163i ale statului, \u00een baza \u0219i \u00een limitele prevederilor legale numai urmare a unor cereri expres formulate \u015fi justificat de un interes legitim.<br \/>\nNe vom asigura, \u00een limite rezonabile, c\u0103 datele tale nu p\u0103r\u0103sesc Spa\u021biul Economic European, \u00eens\u0103, \u00een m\u0103sura \u00een care vom transfera date c\u0103tre state din afara SEE, vom lua masuri ca transferurile sunt legitime, av\u00e2nd la baza unul dintre temeiurile legale prev\u0103yute de Regulament.<\/p>\n<ol start=\"5\">\n<li>Care sunt drepturile tale?<br \/>\nDrepturile tale, conform Regulamentului GDPR sunt urm\u0103toarele:<br \/>\n\u2022 Dreptul de a fi informat cu privire la prelucrarea datelor tale<br \/>\n\u2022 Dreptul de acces al persoanei vizate;<br \/>\n\u2022 Dreptul la rectificarea datelor inexacte sau incomplete<br \/>\n\u2022 Dreptul de \u0219tergere (\u201edreptul de a fi uitat\u201d)<br \/>\n\u2022 Dreptul la restric\u021bionarea prelucr\u0103rii<br \/>\n\u2022 Dreptul la portabilitatea datelor<br \/>\n\u2022 Dreptul de retragere a consim\u021b\u0103m\u00e2ntului<br \/>\n\u2022 Dreptul la opozi\u0163ie<br \/>\n\u2022 Dreptul de a nu face obiectul unei decizii bazate exclusiv pe prelucrarea automat\u0103, inclusiv crearea de profiluri<br \/>\n\u2022 Dreptul de a te adresa justi\u021biei<br \/>\n\u2022 Dreptul de a depune pl\u00e2ngere \u00een fa\u021ba Autorit\u0103\u021bii Na\u021bionale de Supraveghere a Prelucr\u0103rii Datelor cu Caracter Personal, la adresa din Bulevardul General Gheorghe Magheru, Nr. 28-30, Sector 1, Cod Po\u0219tal 010336, Bucure\u0219ti, Rom\u00e2nia.<br \/>\nTe rug\u0103m s\u0103 re\u021bii c\u0103:<br \/>\n\u2022 \u00ce\u021bi po\u021bi retrage consim\u021b\u0103m\u00e2ntul acordat \u00een scopul \u00eendeplinirii serviciilor de marketing direct \u00een orice moment prin urmarea instruc\u021biunilor de dezabonare aflate la dispozi\u0163ie,<br \/>\n\u2022 Dac\u0103 vrei s\u0103 \u00ee\u021bi exerci\u021bi drepturile, o po\u021bi face prin transmiterea unei cereri la adresa de e-mail: dataprotection@nord-vest.ro<br \/>\n\u2022 Drepturile enumerate mai sus nu sunt absolute.<br \/>\n\u2022 Solu\u0163ionarea Notific\u0103rii\/solicit\u0103rii cu care am fost investi\u0163i poate \u00eembr\u0103ca mai multe variante, respectiv i se poate da curs integral sau poate fi solu\u0163ionat\u0103 par\u0163ial, iar pentru partea nesolu\u0163ionat\u0103 ve\u0163i primi un traspuns justificat, poate fi refuzat\u0103 integral \u00een mod justificat. Vom \u00eencerca s\u0103 r\u0103spundem solicit\u0103rii \u00een termen de 30 de zile. Cu toate acestea, termenul poate fi prelungit \u00een func\u021bie de complexitatea cererii si analiza interna pe baza c\u0103reia oferim raspunsul, dar nu mai mult de 90 zile de la data primirii notific\u0103rii\/solicit\u0103rii.<\/li>\n<li>\u00centreb\u0103ri, solicit\u0103ri \u0219i exercitarea drepturilor<br \/>\nDac\u0103 ai \u00eentreb\u0103ri sau nel\u0103muriri cu privire la prelucrarea informa\u021biilor tale sau dore\u0219ti s\u0103 \u00ee\u021bi exerci\u021bi drepturile legale sau ai orice alt\u0103 \u00eengrijorare cu privire la confiden\u021bialitate, ne po\u021bi scrie la adresa de e-mail: dataprotection@nord-vest.ro<br \/>\nDe asemenea, datele de contact ale responsabilului nostru cu protec\u021bia datelor sunt:<br \/>\nNume: IT EMBASSY<br \/>\nAdres\u0103 e-mail: dataprotection@nord-vest.ro<\/li>\n<\/ol>\n<p>Telefon: +40264-431-550<br \/>\nFelicit\u0103ri! Ai ajuns la final! Ne bucur\u0103m c\u0103 \u021bi-ai f\u0103cut timp s\u0103 afli cum \u00ee\u021bi protej\u0103m datele personale.<\/p>\n<\/div>\n<\/div>\n","protected":false},"excerpt":{"rendered":"<p>Ce sunt cookie-urile? Un \u201ecookie\u201d este un mic fi\u0219ier text pe care un site \u00eel plaseaz\u0103 pe calculatorul sau pe dispozitivul dumneavoastr\u0103 mobil atunci c\u00e2nd \u00eel accesa\u021bi. Modulele cookie originale sunt instalate de site-ul pe care \u00eel vizita\u021bi. Ele pot fi citite doar de site-ul respectiv. \u00cen plus, site-urile utilizeaz\u0103 uneori servicii externe, care \u00ee\u0219i [&hellip;]<\/p>\n","protected":false},"author":1,"featured_media":0,"parent":0,"menu_order":0,"comment_status":"closed","ping_status":"closed","template":"","meta":{"beyondwords_generate_audio":"","beyondwords_project_id":"16566","beyondwords_podcast_id":"4652196","beyondwords_hash":"","beyondwords_error_message":"","beyondwords_disabled":"","publish_post_to_speechkit":"1","speechkit_generate_audio":"1","speechkit_project_id":"16566","speechkit_podcast_id":"4652196","speechkit_hash":"f2a8b0c5514ccbff3841fd317c95a0c93e41c6ac","speechkit_error_message":"","speechkit_disabled":"","speechkit_access_key":"","speechkit_error":"","speechkit_info":"","speechkit_response":"","speechkit_retries":"","speechkit_status":"Updated","_speechkit_disable_generate_audio":"","_speechkit_link":"","_speechkit_text":""},"_links":{"self":[{"href":"https:\/\/old.regionordvest.ro\/index.php?rest_route=\/wp\/v2\/pages\/200"}],"collection":[{"href":"https:\/\/old.regionordvest.ro\/index.php?rest_route=\/wp\/v2\/pages"}],"about":[{"href":"https:\/\/old.regionordvest.ro\/index.php?rest_route=\/wp\/v2\/types\/page"}],"author":[{"embeddable":true,"href":"https:\/\/old.regionordvest.ro\/index.php?rest_route=\/wp\/v2\/users\/1"}],"replies":[{"embeddable":true,"href":"https:\/\/old.regionordvest.ro\/index.php?rest_route=%2Fwp%2Fv2%2Fcomments&post=200"}],"version-history":[{"count":5,"href":"https:\/\/old.regionordvest.ro\/index.php?rest_route=\/wp\/v2\/pages\/200\/revisions"}],"predecessor-version":[{"id":419,"href":"https:\/\/old.regionordvest.ro\/index.php?rest_route=\/wp\/v2\/pages\/200\/revisions\/419"}],"wp:attachment":[{"href":"https:\/\/old.regionordvest.ro\/index.php?rest_route=%2Fwp%2Fv2%2Fmedia&parent=200"}],"curies":[{"name":"wp","href":"https:\/\/api.w.org\/{rel}","templated":true}]}}