{"id":445,"date":"2022-08-19T11:51:28","date_gmt":"2022-08-19T08:51:28","guid":{"rendered":"https:\/\/regionordvest.ro\/?page_id=445"},"modified":"2022-08-26T13:09:50","modified_gmt":"2022-08-26T10:09:50","slug":"445-2","status":"publish","type":"page","link":"https:\/\/old.regionordvest.ro\/?page_id=445","title":{"rendered":"Alert\u0103 nereguli"},"content":{"rendered":"<div data-beyondwords-player=\"true\" contenteditable=\"false\"><\/div>\n<p><\/p>\n\n\n\n<div class=\"wp-block-cover alignfull is-light\" style=\"min-height:100vh\"><span aria-hidden=\"true\" class=\"wp-block-cover__background has-background-dim-100 has-background-dim\" style=\"background-color:#ffffff\"><\/span><div class=\"wp-block-cover__inner-container\">\n<div class=\"wp-block-media-text alignwide is-stacked-on-mobile is-vertically-aligned-center is-image-fill\" style=\"grid-template-columns:56% auto\"><figure class=\"wp-block-media-text__media\" style=\"background-image:url(https:\/\/regionordvest.ro\/wp-content\/uploads\/2022\/08\/fraud-prevention-g3f6512b9d_1920-1024x638.jpg);background-position:40% 45%\"><img loading=\"lazy\" width=\"1024\" height=\"638\" src=\"https:\/\/regionordvest.ro\/wp-content\/uploads\/2022\/08\/fraud-prevention-g3f6512b9d_1920-1024x638.jpg\" alt=\"\" class=\"wp-image-446 size-full\" srcset=\"https:\/\/old.regionordvest.ro\/wp-content\/uploads\/2022\/08\/fraud-prevention-g3f6512b9d_1920-1024x638.jpg 1024w, https:\/\/old.regionordvest.ro\/wp-content\/uploads\/2022\/08\/fraud-prevention-g3f6512b9d_1920-300x187.jpg 300w, https:\/\/old.regionordvest.ro\/wp-content\/uploads\/2022\/08\/fraud-prevention-g3f6512b9d_1920-768x478.jpg 768w, https:\/\/old.regionordvest.ro\/wp-content\/uploads\/2022\/08\/fraud-prevention-g3f6512b9d_1920-1536x957.jpg 1536w, https:\/\/old.regionordvest.ro\/wp-content\/uploads\/2022\/08\/fraud-prevention-g3f6512b9d_1920-1200x748.jpg 1200w, https:\/\/old.regionordvest.ro\/wp-content\/uploads\/2022\/08\/fraud-prevention-g3f6512b9d_1920.jpg 1920w\" sizes=\"(max-width: 1024px) 100vw, 1024px\" \/><\/figure><div class=\"wp-block-media-text__content\">\n<h2 id=\"ce-constituie-fraud\u0103\">Ce constituie fraud\u0103?<\/h2>\n\n\n\n<p><strong>Frauda este un act de \u00een\u0219el\u0103ciune<\/strong>&nbsp;comis pentru a ob\u021bine c\u00e2\u0219tiguri personale sau pentru a cauza o pierdere unei alte p\u0103r\u021bi&nbsp;<em>(A se vedea articolul 3 alineatul (2) din&nbsp;<a href=\"https:\/\/eur-lex.europa.eu\/legal-content\/RO\/TXT\/?uri=CELEX:32017L1371\">Directiva (UE) 2017\/1371<\/a>).<\/em><\/p>\n\n\n\n<p><strong>O neregul\u0103<\/strong>\u00a0este un act care nu respect\u0103 normele UE \u0219i care ar putea afecta interesele financiare ale UE, dar care ar putea fi rezultatul unor erori reale comise at\u00e2t de beneficiarii care au solicitat fonduri, c\u00e2t \u0219i de autorit\u0103\u021bile responsabile cu efectuarea pl\u0103\u021bilor.\u00a0<strong>Neregulile comise deliberat reprezint\u0103 cazuri de fraud\u0103<\/strong><em> <\/em><em>(pentru detalii, citi\u021bi articolul\u00a01 din\u00a0<a href=\"http:\/\/eur-lex.europa.eu\/legal-content\/RO\/TXT\/PDF\/?uri=CELEX:31995R2988&amp;from=EN\">Regulamentul nr. 2988\/95 al Consiliului<\/a>).<\/em><\/p>\n\n\n\n<p>Click pe butonul de mai jos pentru a accesa formularul prin care ne pute\u021bi oferi detalii cu privire la frauda\/neregula pe care dori\u021bi s\u0103 o semnala\u021bi. <\/p>\n\n\n\n<div class=\"wp-container-2 wp-block-group\"><div class=\"wp-block-group__inner-container\">\n<div class=\"wp-container-1 wp-block-buttons\">\n<div class=\"wp-block-button has-custom-font-size is-style-fill has-small-font-size\"><a class=\"wp-block-button__link has-background\" href=\"https:\/\/ec.europa.eu\/eusurvey\/runner\/alerta_nereguli\" style=\"background-color:#f60101\" target=\"_blank\" rel=\"noreferrer noopener\">Semnaleaz\u0103 o  Fraud\u0103 sau Neregul\u0103<\/a><\/div>\n\n\n\n<div class=\"wp-block-button is-style-fill\"><a class=\"wp-block-button__link has-background\" href=\"https:\/\/ec.europa.eu\/eusurvey\/runner\/alerta_nereguli?surveylanguage=EN\" style=\"background-color:#f60101\" target=\"_blank\" rel=\"noreferrer noopener\">Report Fraud<\/a><\/div>\n\n\n\n<div class=\"wp-block-button is-style-fill\"><a class=\"wp-block-button__link has-background\" href=\"https:\/\/ec.europa.eu\/eusurvey\/runner\/alerta_nereguli?surveylanguage=HU\" style=\"background-color:#f60101\" target=\"_blank\" rel=\"noreferrer noopener\">Csal\u00e1s bejelent\u00e9se<\/a><\/div>\n<\/div>\n<\/div><\/div>\n<\/div><\/div>\n<\/div><\/div>\n\n\n\n<h2 id=\"ce-constituie-fraud\u0103\"><\/h2>\n","protected":false},"excerpt":{"rendered":"","protected":false},"author":1,"featured_media":0,"parent":0,"menu_order":0,"comment_status":"closed","ping_status":"closed","template":"","meta":{"beyondwords_generate_audio":"1","beyondwords_project_id":"16566","beyondwords_podcast_id":"4895862","beyondwords_hash":"bf00175f0dd163bb0dae5dadce42739991477e4d","beyondwords_error_message":"","beyondwords_disabled":"","publish_post_to_speechkit":"1","speechkit_generate_audio":"1","speechkit_project_id":"16566","speechkit_podcast_id":"4895862","speechkit_hash":"bac1805d4a2c2c634c321ce1f86ab01679355592","speechkit_error_message":"","speechkit_disabled":"","speechkit_access_key":"","speechkit_error":"","speechkit_info":"","speechkit_response":"","speechkit_retries":"","speechkit_status":"Updated","_speechkit_disable_generate_audio":"","_speechkit_link":"","_speechkit_text":""},"_links":{"self":[{"href":"https:\/\/old.regionordvest.ro\/index.php?rest_route=\/wp\/v2\/pages\/445"}],"collection":[{"href":"https:\/\/old.regionordvest.ro\/index.php?rest_route=\/wp\/v2\/pages"}],"about":[{"href":"https:\/\/old.regionordvest.ro\/index.php?rest_route=\/wp\/v2\/types\/page"}],"author":[{"embeddable":true,"href":"https:\/\/old.regionordvest.ro\/index.php?rest_route=\/wp\/v2\/users\/1"}],"replies":[{"embeddable":true,"href":"https:\/\/old.regionordvest.ro\/index.php?rest_route=%2Fwp%2Fv2%2Fcomments&post=445"}],"version-history":[{"count":6,"href":"https:\/\/old.regionordvest.ro\/index.php?rest_route=\/wp\/v2\/pages\/445\/revisions"}],"predecessor-version":[{"id":684,"href":"https:\/\/old.regionordvest.ro\/index.php?rest_route=\/wp\/v2\/pages\/445\/revisions\/684"}],"wp:attachment":[{"href":"https:\/\/old.regionordvest.ro\/index.php?rest_route=%2Fwp%2Fv2%2Fmedia&parent=445"}],"curies":[{"name":"wp","href":"https:\/\/api.w.org\/{rel}","templated":true}]}}