{"id":46,"date":"2022-02-08T08:29:01","date_gmt":"2022-02-08T08:29:01","guid":{"rendered":"https:\/\/regionordvest.ro\/?page_id=46"},"modified":"2022-02-09T10:14:45","modified_gmt":"2022-02-09T08:14:45","slug":"helpdesk","status":"publish","type":"page","link":"https:\/\/old.regionordvest.ro\/?page_id=46","title":{"rendered":"Helpdesk"},"content":{"rendered":"<div class=\"everest-forms\"><div class=\"evf-container default\" id=\"evf-270\"><form id=\"evf-form-270\" class=\"everest-form\" data-formid=\"270\" data-ajax_submission=\"0\" data-keyboard_friendly_form=\"0\" method=\"post\" enctype=\"multipart\/form-data\" action=\"\/index.php?rest_route=%2Fwp%2Fv2%2Fpages%2F46\"><div class=\"evf-field-container\"><input type=\"hidden\" id=\"_wpnonce270\" name=\"_wpnonce270\" value=\"189244f52d\" \/><input type=\"hidden\" name=\"_wp_http_referer\" value=\"\/index.php?rest_route=%2Fwp%2Fv2%2Fpages%2F46\" \/><div class=\"evf-frontend-row\" data-row=\"row_1\" conditional_rules=\"[]\"><div class=\"evf-frontend-grid evf-grid-1\" data-grid=\"grid_1\"><div id=\"evf-270-field_ys0GeZISRs-1-container\" class=\"evf-field evf-field-first-name form-row validate-required\" data-required-field-message=\"This field is required.\" data-field-id=\"ys0GeZISRs-1\"><label class=\"evf-field-label\" for=\"evf-270-field_ys0GeZISRs-1\"><span class=\"evf-label\">Nume<\/span> <abbr class=\"required\" title=\"Required\">*<\/abbr><\/label><input type=\"text\" id=\"evf-270-field_ys0GeZISRs-1\" class=\"input-text\" name=\"everest_forms[form_fields][ys0GeZISRs-1]\" required><\/div><div id=\"evf-270-field_QBNO4YSvuE-7-container\" class=\"evf-field evf-field-first-name form-row validate-required\" data-required-field-message=\"This field is required.\" data-field-id=\"QBNO4YSvuE-7\"><label class=\"evf-field-label\" for=\"evf-270-field_QBNO4YSvuE-7\"><span class=\"evf-label\">Prenume<\/span> <abbr class=\"required\" title=\"Required\">*<\/abbr><\/label><input type=\"text\" id=\"evf-270-field_QBNO4YSvuE-7\" class=\"input-text\" name=\"everest_forms[form_fields][QBNO4YSvuE-7]\" required><\/div><div id=\"evf-270-field_LbH5NxasXM-2-container\" class=\"evf-field evf-field-email form-row validate-required validate-email\" data-required-field-message=\"Please enter a valid email address.\" data-field-id=\"LbH5NxasXM-2\"><label class=\"evf-field-label\" for=\"evf-270-field_LbH5NxasXM-2\"><span class=\"evf-label\">Email<\/span> <abbr class=\"required\" title=\"Required\">*<\/abbr><\/label><input type=\"email\" id=\"evf-270-field_LbH5NxasXM-2\" class=\"input-text\" name=\"everest_forms[form_fields][LbH5NxasXM-2]\" required ><\/div><div id=\"evf-270-field_etLW1RszMS-6-container\" class=\"evf-field evf-field-number form-row validate-required\" data-required-field-message=\"Please enter a valid number.\" data-field-id=\"etLW1RszMS-6\"><label class=\"evf-field-label\" for=\"evf-270-field_etLW1RszMS-6\"><span class=\"evf-label\">Telefon<\/span> <abbr class=\"required\" title=\"Required\">*<\/abbr><\/label><input type=\"number\" id=\"evf-270-field_etLW1RszMS-6\" class=\"input-text\" name=\"everest_forms[form_fields][etLW1RszMS-6]\" step=\"1\" required\/><\/div><div id=\"evf-270-field_AkoyQs4ArK-8-container\" class=\"evf-field evf-field-number form-row validate-required\" data-required-field-message=\"Please enter a valid number.\" data-field-id=\"AkoyQs4ArK-8\"><label class=\"evf-field-label\" for=\"evf-270-field_AkoyQs4ArK-8\"><span class=\"evf-label\">Subiect<\/span> <abbr class=\"required\" title=\"Required\">*<\/abbr><\/label><input type=\"number\" id=\"evf-270-field_AkoyQs4ArK-8\" class=\"input-text\" name=\"everest_forms[form_fields][AkoyQs4ArK-8]\" step=\"1\" required\/><\/div><div id=\"evf-270-field_vMGO1YEgp7-5-container\" class=\"evf-field evf-field-textarea form-row validate-required\" data-required-field-message=\"This field is required.\" data-field-id=\"vMGO1YEgp7-5\"><label class=\"evf-field-label\" for=\"evf-270-field_vMGO1YEgp7-5\"><span class=\"evf-label\">Mesajul dumneavoastr\u0103<\/span> <abbr class=\"required\" title=\"Required\">*<\/abbr><\/label><textarea id=\"evf-270-field_vMGO1YEgp7-5\" class=\"input-text\" name=\"everest_forms[form_fields][vMGO1YEgp7-5]\" required ><\/textarea><\/div><div id=\"evf-270-field_PLHY39YqnU-9-container\" class=\"evf-field evf-field-select form-row validate-required\" data-required-field-message=\"This field is required.\" data-field-id=\"PLHY39YqnU-9\"><label class=\"evf-field-label\" for=\"evf-270-field_PLHY39YqnU-9\"><span class=\"evf-label\">Prin completarea datelor de contact confirma\u021bi c\u0103 a\u021bi fost informa\u021bi cu privire la prelucrarea datelor cu caracter personal de c\u0103tre Agen\u021bia de Dezvoltare Regional\u0103 Nord-Vest, \u00een calitate de Operator, respect\u00e2nd principiile prelucr\u0103rii stabilite de Regulamentul (UE) 2016\/679, av\u00e2nd ca scop organizarea evenimentelor de informare, \u00een baza exercit\u0103rii unui interes legitim al Operatorului. A\u021bi fost informa\u021bi cu privire la drepturile pe care le ave\u021bi cu privire la prelucrarea datelor. Pentru a v\u0103 exercita drepturile, pute\u021bi transmite o cerere la adresa de e-mail: dataprotection@nord-vest.ro. Responsabilul cu protec\u021bia datelor al Operatorului este IT EMBASSY. Datele de contact ale Autorit\u0103\u021bii Na\u021bionale de Supraveghere a Prelucr\u0103rii Datelor cu Caracter Personal: Bulevardul General Gheorghe Magheru, Nr. 28-30, Sector 1, Cod Po\u0219tal 010336, Bucure\u0219ti, Rom\u00e2nia.<\/span> <abbr class=\"required\" title=\"Required\">*<\/abbr><\/label><select id=\"evf-270-field_PLHY39YqnU-9\" class=\"input-text evf-field-required\" name=\"everest_forms[form_fields][PLHY39YqnU-9]\" required=\"required\" ><option value=\"DA\"  selected='selected'>DA<\/option><\/select><\/div><\/div><\/div><\/div><div class=\"evf-honeypot-container evf-field-hp\"><label for=\"evf-270-field-hp\" class=\"evf-field-label\">Phone<\/label><input type=\"text\" name=\"everest_forms[hp]\" id=\"evf-270-field-hp\" class=\"input-text\"><\/div><div class=\"evf-submit-container \" ><input type=\"hidden\" name=\"everest_forms[id]\" value=\"270\"><input type=\"hidden\" name=\"everest_forms[author]\" value=\"1\"><button type='submit' name='everest_forms[submit]' class='everest-forms-submit-button button evf-submit ' id='evf-submit-270' value='evf-submit' data-process-text=\"Se trimite\u2026\" conditional_rules='&quot;&quot;' conditional_id='evf-submit-270'  id=\"evf-submit-270\" aria-live=\"assertive\">Trimite<\/button><\/div><\/form><\/div><!-- .evf-container --><\/div>\n\n\n\n<p><\/p>\n","protected":false},"excerpt":{"rendered":"","protected":false},"author":1,"featured_media":0,"parent":0,"menu_order":0,"comment_status":"closed","ping_status":"closed","template":"","meta":{"beyondwords_generate_audio":"","beyondwords_project_id":"","beyondwords_podcast_id":"","beyondwords_hash":"","beyondwords_error_message":"","beyondwords_disabled":"","publish_post_to_speechkit":"","speechkit_generate_audio":"","speechkit_project_id":"","speechkit_podcast_id":"","speechkit_hash":"","speechkit_error_message":"","speechkit_disabled":"","speechkit_access_key":"","speechkit_error":"","speechkit_info":"","speechkit_response":"","speechkit_retries":"","speechkit_status":"","_speechkit_disable_generate_audio":"","_speechkit_link":"","_speechkit_text":""},"_links":{"self":[{"href":"https:\/\/old.regionordvest.ro\/index.php?rest_route=\/wp\/v2\/pages\/46"}],"collection":[{"href":"https:\/\/old.regionordvest.ro\/index.php?rest_route=\/wp\/v2\/pages"}],"about":[{"href":"https:\/\/old.regionordvest.ro\/index.php?rest_route=\/wp\/v2\/types\/page"}],"author":[{"embeddable":true,"href":"https:\/\/old.regionordvest.ro\/index.php?rest_route=\/wp\/v2\/users\/1"}],"replies":[{"embeddable":true,"href":"https:\/\/old.regionordvest.ro\/index.php?rest_route=%2Fwp%2Fv2%2Fcomments&post=46"}],"version-history":[{"count":4,"href":"https:\/\/old.regionordvest.ro\/index.php?rest_route=\/wp\/v2\/pages\/46\/revisions"}],"predecessor-version":[{"id":272,"href":"https:\/\/old.regionordvest.ro\/index.php?rest_route=\/wp\/v2\/pages\/46\/revisions\/272"}],"wp:attachment":[{"href":"https:\/\/old.regionordvest.ro\/index.php?rest_route=%2Fwp%2Fv2%2Fmedia&parent=46"}],"curies":[{"name":"wp","href":"https:\/\/api.w.org\/{rel}","templated":true}]}}