{"id":611,"date":"2022-08-25T15:39:55","date_gmt":"2022-08-25T12:39:55","guid":{"rendered":"https:\/\/regionordvest.ro\/?page_id=611"},"modified":"2022-08-26T10:53:21","modified_gmt":"2022-08-26T07:53:21","slug":"ghiduri-de-finantare","status":"publish","type":"page","link":"https:\/\/old.regionordvest.ro\/?page_id=611","title":{"rendered":"Ghiduri de finan\u021bare"},"content":{"rendered":"\t\t<div data-elementor-type=\"wp-page\" data-elementor-id=\"611\" class=\"elementor elementor-611\">\n\t\t\t\t\t\t\t\t\t<section class=\"elementor-section elementor-top-section elementor-element elementor-element-fd87e5b elementor-section-full_width elementor-section-height-default elementor-section-height-default\" data-id=\"fd87e5b\" data-element_type=\"section\">\n\t\t\t\t\t\t<div class=\"elementor-container elementor-column-gap-default\">\n\t\t\t\t\t<div class=\"elementor-column elementor-col-100 elementor-top-column elementor-element elementor-element-cdfa430\" data-id=\"cdfa430\" data-element_type=\"column\">\n\t\t\t<div class=\"elementor-widget-wrap elementor-element-populated\">\n\t\t\t\t\t\t\t\t<div class=\"elementor-element elementor-element-d77208f elementor-widget__width-inherit elementor-widget elementor-widget-toggle\" data-id=\"d77208f\" data-element_type=\"widget\" data-widget_type=\"toggle.default\">\n\t\t\t\t<div class=\"elementor-widget-container\">\n\t\t\t<style>\/*! elementor - v3.7.2 - 21-08-2022 *\/\n.elementor-toggle{text-align:left}.elementor-toggle .elementor-tab-title{font-weight:700;line-height:1;margin:0;padding:15px;border-bottom:1px solid #d4d4d4;cursor:pointer;outline:none}.elementor-toggle .elementor-tab-title .elementor-toggle-icon{display:inline-block;width:1em}.elementor-toggle .elementor-tab-title .elementor-toggle-icon svg{-webkit-margin-start:-5px;margin-inline-start:-5px;width:1em;height:1em}.elementor-toggle .elementor-tab-title .elementor-toggle-icon.elementor-toggle-icon-right{float:right;text-align:right}.elementor-toggle .elementor-tab-title .elementor-toggle-icon.elementor-toggle-icon-left{float:left;text-align:left}.elementor-toggle .elementor-tab-title .elementor-toggle-icon .elementor-toggle-icon-closed{display:block}.elementor-toggle .elementor-tab-title .elementor-toggle-icon .elementor-toggle-icon-opened{display:none}.elementor-toggle .elementor-tab-title.elementor-active{border-bottom:none}.elementor-toggle .elementor-tab-title.elementor-active .elementor-toggle-icon-closed{display:none}.elementor-toggle .elementor-tab-title.elementor-active .elementor-toggle-icon-opened{display:block}.elementor-toggle .elementor-tab-content{padding:15px;border-bottom:1px solid #d4d4d4;display:none}@media (max-width:767px){.elementor-toggle .elementor-tab-title{padding:12px}.elementor-toggle .elementor-tab-content{padding:12px 10px}}.e-container>.elementor-widget-toggle{width:var(--container-widget-width,100%)}<\/style>\t\t<div class=\"elementor-toggle\" role=\"tablist\">\n\t\t\t\t\t\t\t<div class=\"elementor-toggle-item\">\n\t\t\t\t\t<div id=\"elementor-tab-title-2251\" class=\"elementor-tab-title\" data-tab=\"1\" role=\"tab\" aria-controls=\"elementor-tab-content-2251\" aria-expanded=\"false\">\n\t\t\t\t\t\t\t\t\t\t\t\t<span class=\"elementor-toggle-icon elementor-toggle-icon-left\" aria-hidden=\"true\">\n\t\t\t\t\t\t\t\t\t\t\t\t\t\t\t<span class=\"elementor-toggle-icon-closed\"><i class=\"fas fa-caret-right\"><\/i><\/span>\n\t\t\t\t\t\t\t\t<span class=\"elementor-toggle-icon-opened\"><i class=\"elementor-toggle-icon-opened fas fa-caret-up\"><\/i><\/span>\n\t\t\t\t\t\t\t\t\t\t\t\t\t<\/span>\n\t\t\t\t\t\t\t\t\t\t\t\t<a href=\"\" class=\"elementor-toggle-title\">Prioritatea 1  - O regiune competitiv\u0103 prin inovare, digitalizare \u0219i \u00eentreprinderi dinamice<\/a>\n\t\t\t\t\t<\/div>\n\n\t\t\t\t\t<div id=\"elementor-tab-content-2251\" class=\"elementor-tab-content elementor-clearfix\" data-tab=\"1\" role=\"tabpanel\" aria-labelledby=\"elementor-tab-title-2251\"><p>\u00a0<\/p><table style=\"border-collapse: collapse; width: 100%;\" border=\"1\"><tbody><tr><td style=\"width: 231.297px; text-align: center;\"><b>Numele apelului<\/b><\/td><td style=\"width: 231.297px; text-align: center;\"><b>Status apel<\/b><\/td><td style=\"width: 231.406px; text-align: center;\">\u00a0<b>Ghid<\/b><\/td><\/tr><tr><td style=\"width: 231.297px;\">\u00a0<\/td><td style=\"width: 231.297px; text-align: center;\"><span style=\"color: #ff0000;\"><strong>\u00cenchis<\/strong><\/span><\/td><td style=\"width: 231.406px; text-align: center;\"><a href=\"https:\/\/www.nord-vest.ro\/ghiduri-2014-2020\/\" target=\"_blank\" rel=\"noopener\"><b>Ghid 1<\/b><\/a><\/td><\/tr><tr><td style=\"width: 231.297px;\">\u00a0<\/td><td style=\"width: 231.297px;\"><p style=\"text-align: center;\"><strong><span style=\"color: #339966;\">Activ \u00een perioada:<\/span><\/strong><\/p><p style=\"text-align: center;\"><strong><span style=\"color: #339966;\">1 Ianuarie 2023\u00a0 &#8211;<\/span><\/strong><\/p><p style=\"text-align: center;\"><strong><span style=\"color: #339966;\">1 Aprilie 2023<\/span><\/strong><\/p><\/td><td style=\"width: 231.406px; text-align: center;\"><a href=\"https:\/\/www.nord-vest.ro\/ghiduri-2014-2020\/\" target=\"_blank\" rel=\"noopener\"><b>Ghid 2<\/b><\/a><\/td><\/tr><tr><td style=\"width: 231.297px;\">\u00a0<\/td><td style=\"width: 231.297px; text-align: center;\"><span style=\"color: #ff0000;\"><strong>\u00cenchis<\/strong><\/span><\/td><td style=\"width: 231.406px; text-align: center;\"><a href=\"https:\/\/www.nord-vest.ro\/ghiduri-2014-2020\/\" target=\"_blank\" rel=\"noopener\"><b>Ghid 3<\/b><\/a><\/td><\/tr><tr><td style=\"width: 231.297px;\">\u00a0<\/td><td style=\"width: 231.297px; text-align: center;\"><span style=\"color: #ff0000;\"><strong>\u00cenchis<\/strong><\/span><\/td><td style=\"width: 231.406px; text-align: center;\"><a href=\"https:\/\/www.nord-vest.ro\/ghiduri-2014-2020\/\" target=\"_blank\" rel=\"noopener\"><b>Ghid 4<\/b><\/a><\/td><\/tr><\/tbody><\/table><p>\u00a0<\/p><p>\u00a0<\/p><\/div>\n\t\t\t\t<\/div>\n\t\t\t\t\t\t\t<div class=\"elementor-toggle-item\">\n\t\t\t\t\t<div id=\"elementor-tab-title-2252\" class=\"elementor-tab-title\" data-tab=\"2\" role=\"tab\" aria-controls=\"elementor-tab-content-2252\" aria-expanded=\"false\">\n\t\t\t\t\t\t\t\t\t\t\t\t<span class=\"elementor-toggle-icon elementor-toggle-icon-left\" aria-hidden=\"true\">\n\t\t\t\t\t\t\t\t\t\t\t\t\t\t\t<span class=\"elementor-toggle-icon-closed\"><i class=\"fas fa-caret-right\"><\/i><\/span>\n\t\t\t\t\t\t\t\t<span class=\"elementor-toggle-icon-opened\"><i class=\"elementor-toggle-icon-opened fas fa-caret-up\"><\/i><\/span>\n\t\t\t\t\t\t\t\t\t\t\t\t\t<\/span>\n\t\t\t\t\t\t\t\t\t\t\t\t<a href=\"\" class=\"elementor-toggle-title\">Prioritatea 2 - O regiune cu localit\u0103\u021bi SMART<\/a>\n\t\t\t\t\t<\/div>\n\n\t\t\t\t\t<div id=\"elementor-tab-content-2252\" class=\"elementor-tab-content elementor-clearfix\" data-tab=\"2\" role=\"tabpanel\" aria-labelledby=\"elementor-tab-title-2252\"><p>\u00a0<\/p><table style=\"border-collapse: collapse; width: 100%;\" border=\"1\"><tbody><tr><td style=\"width: 231.297px; text-align: center;\"><b>Numele apelului<\/b><\/td><td style=\"width: 231.297px; text-align: center;\"><b>Status apel<\/b><\/td><td style=\"width: 231.406px; text-align: center;\">\u00a0<b>Ghid<\/b><\/td><\/tr><tr><td style=\"width: 231.297px;\">\u00a0<\/td><td style=\"width: 231.297px; text-align: center;\"><span style=\"color: #ff0000;\"><strong>\u00cenchis<\/strong><\/span><\/td><td style=\"width: 231.406px; text-align: center;\"><a href=\"https:\/\/www.nord-vest.ro\/ghiduri-2014-2020\/\" target=\"_blank\" rel=\"noopener\"><b>Ghid 1<\/b><\/a><\/td><\/tr><tr><td style=\"width: 231.297px;\">\u00a0<\/td><td style=\"width: 231.297px;\"><p style=\"text-align: center;\"><strong><span style=\"color: #339966;\">Activ \u00een perioada:<\/span><\/strong><\/p><p style=\"text-align: center;\"><strong><span style=\"color: #339966;\">1 Ianuarie 2023\u00a0 &#8211;<\/span><\/strong><\/p><p style=\"text-align: center;\"><strong><span style=\"color: #339966;\">1 Aprilie 2023<\/span><\/strong><\/p><\/td><td style=\"width: 231.406px; text-align: center;\"><a href=\"https:\/\/www.nord-vest.ro\/ghiduri-2014-2020\/\" target=\"_blank\" rel=\"noopener\"><b>Ghid 2<\/b><\/a><\/td><\/tr><tr><td style=\"width: 231.297px;\">\u00a0<\/td><td style=\"width: 231.297px; text-align: center;\"><span style=\"color: #ff0000;\"><strong>\u00cenchis<\/strong><\/span><\/td><td style=\"width: 231.406px; text-align: center;\"><a href=\"https:\/\/www.nord-vest.ro\/ghiduri-2014-2020\/\" target=\"_blank\" rel=\"noopener\"><b>Ghid 3<\/b><\/a><\/td><\/tr><tr><td style=\"width: 231.297px;\">\u00a0<\/td><td style=\"width: 231.297px; text-align: center;\"><span style=\"color: #ff0000;\"><strong>\u00cenchis<\/strong><\/span><\/td><td style=\"width: 231.406px; text-align: center;\"><a href=\"https:\/\/www.nord-vest.ro\/ghiduri-2014-2020\/\" target=\"_blank\" rel=\"noopener\"><b>Ghid 4<\/b><\/a><\/td><\/tr><\/tbody><\/table><p>\u00a0<\/p><p>\u00a0<\/p><\/div>\n\t\t\t\t<\/div>\n\t\t\t\t\t\t\t<div class=\"elementor-toggle-item\">\n\t\t\t\t\t<div id=\"elementor-tab-title-2253\" class=\"elementor-tab-title\" data-tab=\"3\" role=\"tab\" aria-controls=\"elementor-tab-content-2253\" aria-expanded=\"false\">\n\t\t\t\t\t\t\t\t\t\t\t\t<span class=\"elementor-toggle-icon elementor-toggle-icon-left\" aria-hidden=\"true\">\n\t\t\t\t\t\t\t\t\t\t\t\t\t\t\t<span class=\"elementor-toggle-icon-closed\"><i class=\"fas fa-caret-right\"><\/i><\/span>\n\t\t\t\t\t\t\t\t<span class=\"elementor-toggle-icon-opened\"><i class=\"elementor-toggle-icon-opened fas fa-caret-up\"><\/i><\/span>\n\t\t\t\t\t\t\t\t\t\t\t\t\t<\/span>\n\t\t\t\t\t\t\t\t\t\t\t\t<a href=\"\" class=\"elementor-toggle-title\">Prioritatea 3 - O regiune cu localit\u0103\u021bi prietenoase cu mediul<\/a>\n\t\t\t\t\t<\/div>\n\n\t\t\t\t\t<div id=\"elementor-tab-content-2253\" class=\"elementor-tab-content elementor-clearfix\" data-tab=\"3\" role=\"tabpanel\" aria-labelledby=\"elementor-tab-title-2253\"><p>\u00a0<\/p><table style=\"border-collapse: collapse; width: 100%;\" border=\"1\"><tbody><tr><td style=\"width: 231.297px; text-align: center;\"><b>Numele apelului<\/b><\/td><td style=\"width: 231.297px; text-align: center;\"><b>Status apel<\/b><\/td><td style=\"width: 231.406px; text-align: center;\">\u00a0<b>Ghid<\/b><\/td><\/tr><tr><td style=\"width: 231.297px;\">\u00a0<\/td><td style=\"width: 231.297px; text-align: center;\"><span style=\"color: #ff0000;\"><strong>\u00cenchis<\/strong><\/span><\/td><td style=\"width: 231.406px; text-align: center;\"><a href=\"https:\/\/www.nord-vest.ro\/ghiduri-2014-2020\/\" target=\"_blank\" rel=\"noopener\"><b>Ghid 1<\/b><\/a><\/td><\/tr><tr><td style=\"width: 231.297px;\">\u00a0<\/td><td style=\"width: 231.297px;\"><p style=\"text-align: center;\"><strong><span style=\"color: #339966;\">Activ \u00een perioada:<\/span><\/strong><\/p><p style=\"text-align: center;\"><strong><span style=\"color: #339966;\">1 Ianuarie 2023\u00a0 &#8211;<\/span><\/strong><\/p><p style=\"text-align: center;\"><strong><span style=\"color: #339966;\">1 Aprilie 2023<\/span><\/strong><\/p><\/td><td style=\"width: 231.406px; text-align: center;\"><a href=\"https:\/\/www.nord-vest.ro\/ghiduri-2014-2020\/\" target=\"_blank\" rel=\"noopener\"><b>Ghid 2<\/b><\/a><\/td><\/tr><tr><td style=\"width: 231.297px;\">\u00a0<\/td><td style=\"width: 231.297px; text-align: center;\"><span style=\"color: #ff0000;\"><strong>\u00cenchis<\/strong><\/span><\/td><td style=\"width: 231.406px; text-align: center;\"><a href=\"https:\/\/www.nord-vest.ro\/ghiduri-2014-2020\/\" target=\"_blank\" rel=\"noopener\"><b>Ghid 3<\/b><\/a><\/td><\/tr><tr><td style=\"width: 231.297px;\">\u00a0<\/td><td style=\"width: 231.297px; text-align: center;\"><span style=\"color: #ff0000;\"><strong>\u00cenchis<\/strong><\/span><\/td><td style=\"width: 231.406px; text-align: center;\"><a href=\"https:\/\/www.nord-vest.ro\/ghiduri-2014-2020\/\" target=\"_blank\" rel=\"noopener\"><b>Ghid 4<\/b><\/a><\/td><\/tr><\/tbody><\/table><p>\u00a0<\/p><p>\u00a0<\/p><\/div>\n\t\t\t\t<\/div>\n\t\t\t\t\t\t\t<div class=\"elementor-toggle-item\">\n\t\t\t\t\t<div id=\"elementor-tab-title-2254\" class=\"elementor-tab-title\" data-tab=\"4\" role=\"tab\" aria-controls=\"elementor-tab-content-2254\" aria-expanded=\"false\">\n\t\t\t\t\t\t\t\t\t\t\t\t<span class=\"elementor-toggle-icon elementor-toggle-icon-left\" aria-hidden=\"true\">\n\t\t\t\t\t\t\t\t\t\t\t\t\t\t\t<span class=\"elementor-toggle-icon-closed\"><i class=\"fas fa-caret-right\"><\/i><\/span>\n\t\t\t\t\t\t\t\t<span class=\"elementor-toggle-icon-opened\"><i class=\"elementor-toggle-icon-opened fas fa-caret-up\"><\/i><\/span>\n\t\t\t\t\t\t\t\t\t\t\t\t\t<\/span>\n\t\t\t\t\t\t\t\t\t\t\t\t<a href=\"\" class=\"elementor-toggle-title\">Prioritatea 4 - O regiune cu mobilitate urban\u0103 multimodal\u0103 sustenabil\u0103<\/a>\n\t\t\t\t\t<\/div>\n\n\t\t\t\t\t<div id=\"elementor-tab-content-2254\" class=\"elementor-tab-content elementor-clearfix\" data-tab=\"4\" role=\"tabpanel\" aria-labelledby=\"elementor-tab-title-2254\"><p>\u00a0<\/p><table style=\"border-collapse: collapse; width: 100%;\" border=\"1\"><tbody><tr><td style=\"width: 231.297px; text-align: center;\"><b>Numele apelului<\/b><\/td><td style=\"width: 231.297px; text-align: center;\"><b>Status apel<\/b><\/td><td style=\"width: 231.406px; text-align: center;\">\u00a0<b>Ghid<\/b><\/td><\/tr><tr><td style=\"width: 231.297px;\">\u00a0<\/td><td style=\"width: 231.297px; text-align: center;\"><span style=\"color: #ff0000;\"><strong>\u00cenchis<\/strong><\/span><\/td><td style=\"width: 231.406px; text-align: center;\"><a href=\"https:\/\/www.nord-vest.ro\/ghiduri-2014-2020\/\" target=\"_blank\" rel=\"noopener\"><b>Ghid 1<\/b><\/a><\/td><\/tr><tr><td style=\"width: 231.297px;\">\u00a0<\/td><td style=\"width: 231.297px;\"><p style=\"text-align: center;\"><strong><span style=\"color: #339966;\">Activ \u00een perioada:<\/span><\/strong><\/p><p style=\"text-align: center;\"><strong><span style=\"color: #339966;\">1 Ianuarie 2023\u00a0 &#8211;<\/span><\/strong><\/p><p style=\"text-align: center;\"><strong><span style=\"color: #339966;\">1 Aprilie 2023<\/span><\/strong><\/p><\/td><td style=\"width: 231.406px; text-align: center;\"><a href=\"https:\/\/www.nord-vest.ro\/ghiduri-2014-2020\/\" target=\"_blank\" rel=\"noopener\"><b>Ghid 2<\/b><\/a><\/td><\/tr><tr><td style=\"width: 231.297px;\">\u00a0<\/td><td style=\"width: 231.297px; text-align: center;\"><span style=\"color: #ff0000;\"><strong>\u00cenchis<\/strong><\/span><\/td><td style=\"width: 231.406px; text-align: center;\"><a href=\"https:\/\/www.nord-vest.ro\/ghiduri-2014-2020\/\" target=\"_blank\" rel=\"noopener\"><b>Ghid 3<\/b><\/a><\/td><\/tr><tr><td style=\"width: 231.297px;\">\u00a0<\/td><td style=\"width: 231.297px; text-align: center;\"><span style=\"color: #ff0000;\"><strong>\u00cenchis<\/strong><\/span><\/td><td style=\"width: 231.406px; text-align: center;\"><a href=\"https:\/\/www.nord-vest.ro\/ghiduri-2014-2020\/\" target=\"_blank\" rel=\"noopener\"><b>Ghid 4<\/b><\/a><\/td><\/tr><\/tbody><\/table><p>\u00a0<\/p><p>\u00a0<\/p><\/div>\n\t\t\t\t<\/div>\n\t\t\t\t\t\t\t<div class=\"elementor-toggle-item\">\n\t\t\t\t\t<div id=\"elementor-tab-title-2255\" class=\"elementor-tab-title\" data-tab=\"5\" role=\"tab\" aria-controls=\"elementor-tab-content-2255\" aria-expanded=\"false\">\n\t\t\t\t\t\t\t\t\t\t\t\t<span class=\"elementor-toggle-icon elementor-toggle-icon-left\" aria-hidden=\"true\">\n\t\t\t\t\t\t\t\t\t\t\t\t\t\t\t<span class=\"elementor-toggle-icon-closed\"><i class=\"fas fa-caret-right\"><\/i><\/span>\n\t\t\t\t\t\t\t\t<span class=\"elementor-toggle-icon-opened\"><i class=\"elementor-toggle-icon-opened fas fa-caret-up\"><\/i><\/span>\n\t\t\t\t\t\t\t\t\t\t\t\t\t<\/span>\n\t\t\t\t\t\t\t\t\t\t\t\t<a href=\"\" class=\"elementor-toggle-title\">Prioritatea 5 - O regiune accesibil\u0103<\/a>\n\t\t\t\t\t<\/div>\n\n\t\t\t\t\t<div id=\"elementor-tab-content-2255\" class=\"elementor-tab-content elementor-clearfix\" data-tab=\"5\" role=\"tabpanel\" aria-labelledby=\"elementor-tab-title-2255\"><p>\u00a0<\/p><table style=\"border-collapse: collapse; width: 100%;\" border=\"1\"><tbody><tr><td style=\"width: 231.297px; text-align: center;\"><b>Numele apelului<\/b><\/td><td style=\"width: 231.297px; text-align: center;\"><b>Status apel<\/b><\/td><td style=\"width: 231.406px; text-align: center;\">\u00a0<b>Ghid<\/b><\/td><\/tr><tr><td style=\"width: 231.297px;\">\u00a0<\/td><td style=\"width: 231.297px; text-align: center;\"><span style=\"color: #ff0000;\"><strong>\u00cenchis<\/strong><\/span><\/td><td style=\"width: 231.406px; text-align: center;\"><a href=\"https:\/\/www.nord-vest.ro\/ghiduri-2014-2020\/\" target=\"_blank\" rel=\"noopener\"><b>Ghid 1<\/b><\/a><\/td><\/tr><tr><td style=\"width: 231.297px;\">\u00a0<\/td><td style=\"width: 231.297px;\"><p style=\"text-align: center;\"><strong><span style=\"color: #339966;\">Activ \u00een perioada:<\/span><\/strong><\/p><p style=\"text-align: center;\"><strong><span style=\"color: #339966;\">1 Ianuarie 2023\u00a0 &#8211;<\/span><\/strong><\/p><p style=\"text-align: center;\"><strong><span style=\"color: #339966;\">1 Aprilie 2023<\/span><\/strong><\/p><\/td><td style=\"width: 231.406px; text-align: center;\"><a href=\"https:\/\/www.nord-vest.ro\/ghiduri-2014-2020\/\" target=\"_blank\" rel=\"noopener\"><b>Ghid 2<\/b><\/a><\/td><\/tr><tr><td style=\"width: 231.297px;\">\u00a0<\/td><td style=\"width: 231.297px; text-align: center;\"><span style=\"color: #ff0000;\"><strong>\u00cenchis<\/strong><\/span><\/td><td style=\"width: 231.406px; text-align: center;\"><a href=\"https:\/\/www.nord-vest.ro\/ghiduri-2014-2020\/\" target=\"_blank\" rel=\"noopener\"><b>Ghid 3<\/b><\/a><\/td><\/tr><tr><td style=\"width: 231.297px;\">\u00a0<\/td><td style=\"width: 231.297px; text-align: center;\"><span style=\"color: #ff0000;\"><strong>\u00cenchis<\/strong><\/span><\/td><td style=\"width: 231.406px; text-align: center;\"><a href=\"https:\/\/www.nord-vest.ro\/ghiduri-2014-2020\/\" target=\"_blank\" rel=\"noopener\"><b>Ghid 4<\/b><\/a><\/td><\/tr><\/tbody><\/table><p>\u00a0<\/p><p>\u00a0<\/p><\/div>\n\t\t\t\t<\/div>\n\t\t\t\t\t\t\t<div class=\"elementor-toggle-item\">\n\t\t\t\t\t<div id=\"elementor-tab-title-2256\" class=\"elementor-tab-title\" data-tab=\"6\" role=\"tab\" aria-controls=\"elementor-tab-content-2256\" aria-expanded=\"false\">\n\t\t\t\t\t\t\t\t\t\t\t\t<span class=\"elementor-toggle-icon elementor-toggle-icon-left\" aria-hidden=\"true\">\n\t\t\t\t\t\t\t\t\t\t\t\t\t\t\t<span class=\"elementor-toggle-icon-closed\"><i class=\"fas fa-caret-right\"><\/i><\/span>\n\t\t\t\t\t\t\t\t<span class=\"elementor-toggle-icon-opened\"><i class=\"elementor-toggle-icon-opened fas fa-caret-up\"><\/i><\/span>\n\t\t\t\t\t\t\t\t\t\t\t\t\t<\/span>\n\t\t\t\t\t\t\t\t\t\t\t\t<a href=\"\" class=\"elementor-toggle-title\">Prioritatea 6 - O regiune educat\u0103<\/a>\n\t\t\t\t\t<\/div>\n\n\t\t\t\t\t<div id=\"elementor-tab-content-2256\" class=\"elementor-tab-content elementor-clearfix\" data-tab=\"6\" role=\"tabpanel\" aria-labelledby=\"elementor-tab-title-2256\"><p>\u00a0<\/p><table style=\"border-collapse: collapse; width: 100%;\" border=\"1\"><tbody><tr><td style=\"width: 231.297px; text-align: center;\"><b>Numele apelului<\/b><\/td><td style=\"width: 231.297px; text-align: center;\"><b>Status apel<\/b><\/td><td style=\"width: 231.406px; text-align: center;\">\u00a0<b>Ghid<\/b><\/td><\/tr><tr><td style=\"width: 231.297px;\">\u00a0<\/td><td style=\"width: 231.297px; text-align: center;\"><span style=\"color: #ff0000;\"><strong>\u00cenchis<\/strong><\/span><\/td><td style=\"width: 231.406px; text-align: center;\"><a href=\"https:\/\/www.nord-vest.ro\/ghiduri-2014-2020\/\" target=\"_blank\" rel=\"noopener\"><b>Ghid 1<\/b><\/a><\/td><\/tr><tr><td style=\"width: 231.297px;\">\u00a0<\/td><td style=\"width: 231.297px;\"><p style=\"text-align: center;\"><strong><span style=\"color: #339966;\">Activ \u00een perioada:<\/span><\/strong><\/p><p style=\"text-align: center;\"><strong><span style=\"color: #339966;\">1 Ianuarie 2023\u00a0 &#8211;<\/span><\/strong><\/p><p style=\"text-align: center;\"><strong><span style=\"color: #339966;\">1 Aprilie 2023<\/span><\/strong><\/p><\/td><td style=\"width: 231.406px; text-align: center;\"><a href=\"https:\/\/www.nord-vest.ro\/ghiduri-2014-2020\/\" target=\"_blank\" rel=\"noopener\"><b>Ghid 2<\/b><\/a><\/td><\/tr><tr><td style=\"width: 231.297px;\">\u00a0<\/td><td style=\"width: 231.297px; text-align: center;\"><span style=\"color: #ff0000;\"><strong>\u00cenchis<\/strong><\/span><\/td><td style=\"width: 231.406px; text-align: center;\"><a href=\"https:\/\/www.nord-vest.ro\/ghiduri-2014-2020\/\" target=\"_blank\" rel=\"noopener\"><b>Ghid 3<\/b><\/a><\/td><\/tr><tr><td style=\"width: 231.297px;\">\u00a0<\/td><td style=\"width: 231.297px; text-align: center;\"><span style=\"color: #ff0000;\"><strong>\u00cenchis<\/strong><\/span><\/td><td style=\"width: 231.406px; text-align: center;\"><a href=\"https:\/\/www.nord-vest.ro\/ghiduri-2014-2020\/\" target=\"_blank\" rel=\"noopener\"><b>Ghid 4<\/b><\/a><\/td><\/tr><\/tbody><\/table><p>\u00a0<\/p><p>\u00a0<\/p><\/div>\n\t\t\t\t<\/div>\n\t\t\t\t\t\t\t<div class=\"elementor-toggle-item\">\n\t\t\t\t\t<div id=\"elementor-tab-title-2257\" class=\"elementor-tab-title\" data-tab=\"7\" role=\"tab\" aria-controls=\"elementor-tab-content-2257\" aria-expanded=\"false\">\n\t\t\t\t\t\t\t\t\t\t\t\t<span class=\"elementor-toggle-icon elementor-toggle-icon-left\" aria-hidden=\"true\">\n\t\t\t\t\t\t\t\t\t\t\t\t\t\t\t<span class=\"elementor-toggle-icon-closed\"><i class=\"fas fa-caret-right\"><\/i><\/span>\n\t\t\t\t\t\t\t\t<span class=\"elementor-toggle-icon-opened\"><i class=\"elementor-toggle-icon-opened fas fa-caret-up\"><\/i><\/span>\n\t\t\t\t\t\t\t\t\t\t\t\t\t<\/span>\n\t\t\t\t\t\t\t\t\t\t\t\t<a href=\"\" class=\"elementor-toggle-title\">Prioritatea 7 - O regiune atractiv\u0103<\/a>\n\t\t\t\t\t<\/div>\n\n\t\t\t\t\t<div id=\"elementor-tab-content-2257\" class=\"elementor-tab-content elementor-clearfix\" data-tab=\"7\" role=\"tabpanel\" aria-labelledby=\"elementor-tab-title-2257\"><p><a href=\"https:\/\/www.nord-vest.ro\/ghiduri-2014-2020\/\" target=\"_blank\" rel=\"noopener\"><b>Ghid 1<\/b><\/a><\/p><p><a href=\"https:\/\/www.nord-vest.ro\/ghiduri-2014-2020\/\" target=\"_blank\" rel=\"noopener\"><b>Ghid 2<\/b><\/a><\/p><p><a href=\"https:\/\/www.nord-vest.ro\/ghiduri-2014-2020\/\" target=\"_blank\" rel=\"noopener\"><b>Ghid 3<\/b><\/a><\/p><p><a href=\"https:\/\/www.nord-vest.ro\/ghiduri-2014-2020\/\" target=\"_blank\" rel=\"noopener\"><b>Ghid 4<\/b><\/a><\/p><p><a href=\"https:\/\/www.nord-vest.ro\/ghiduri-2014-2020\/\" target=\"_blank\" rel=\"noopener\"><b>Ghid 5<\/b><\/a><\/p><\/div>\n\t\t\t\t<\/div>\n\t\t\t\t\t\t\t\t<\/div>\n\t\t\t\t<\/div>\n\t\t\t\t<\/div>\n\t\t\t\t\t<\/div>\n\t\t<\/div>\n\t\t\t\t\t\t\t<\/div>\n\t\t<\/section>\n\t\t\t\t\t\t\t<\/div>\n\t\t","protected":false},"excerpt":{"rendered":"<p>Prioritatea 1 &#8211; O regiune competitiv\u0103 prin inovare, digitalizare \u0219i \u00eentreprinderi dinamice \u00a0 Numele apelului Status apel \u00a0Ghid \u00a0 \u00cenchis Ghid 1 \u00a0 Activ \u00een perioada: 1 Ianuarie 2023\u00a0 &#8211; 1 Aprilie 2023 Ghid 2 \u00a0 \u00cenchis Ghid 3 \u00a0 \u00cenchis Ghid 4 \u00a0 \u00a0 Prioritatea 2 &#8211; O regiune cu localit\u0103\u021bi SMART \u00a0 Numele [&hellip;]<\/p>\n","protected":false},"author":1,"featured_media":0,"parent":0,"menu_order":0,"comment_status":"closed","ping_status":"closed","template":"","meta":{"beyondwords_generate_audio":"0","beyondwords_project_id":"","beyondwords_podcast_id":"","beyondwords_hash":"","beyondwords_error_message":"","beyondwords_disabled":"","publish_post_to_speechkit":"","speechkit_generate_audio":"","speechkit_project_id":"","speechkit_podcast_id":"","speechkit_hash":"","speechkit_error_message":"","speechkit_disabled":"","speechkit_access_key":"","speechkit_error":"","speechkit_info":"","speechkit_response":"","speechkit_retries":"","speechkit_status":"","_speechkit_disable_generate_audio":"","_speechkit_link":"","_speechkit_text":""},"_links":{"self":[{"href":"https:\/\/old.regionordvest.ro\/index.php?rest_route=\/wp\/v2\/pages\/611"}],"collection":[{"href":"https:\/\/old.regionordvest.ro\/index.php?rest_route=\/wp\/v2\/pages"}],"about":[{"href":"https:\/\/old.regionordvest.ro\/index.php?rest_route=\/wp\/v2\/types\/page"}],"author":[{"embeddable":true,"href":"https:\/\/old.regionordvest.ro\/index.php?rest_route=\/wp\/v2\/users\/1"}],"replies":[{"embeddable":true,"href":"https:\/\/old.regionordvest.ro\/index.php?rest_route=%2Fwp%2Fv2%2Fcomments&post=611"}],"version-history":[{"count":28,"href":"https:\/\/old.regionordvest.ro\/index.php?rest_route=\/wp\/v2\/pages\/611\/revisions"}],"predecessor-version":[{"id":656,"href":"https:\/\/old.regionordvest.ro\/index.php?rest_route=\/wp\/v2\/pages\/611\/revisions\/656"}],"wp:attachment":[{"href":"https:\/\/old.regionordvest.ro\/index.php?rest_route=%2Fwp%2Fv2%2Fmedia&parent=611"}],"curies":[{"name":"wp","href":"https:\/\/api.w.org\/{rel}","templated":true}]}}