{"id":64,"date":"2022-02-08T08:38:23","date_gmt":"2022-02-08T08:38:23","guid":{"rendered":"https:\/\/regionordvest.ro\/?page_id=64"},"modified":"2022-08-24T10:31:02","modified_gmt":"2022-08-24T07:31:02","slug":"prioritatea-2","status":"publish","type":"page","link":"https:\/\/old.regionordvest.ro\/?page_id=64","title":{"rendered":"Prioritatea 2"},"content":{"rendered":"\n<h2 id=\"o-regiune-cu-localita\u021bi-smart\"><\/h2>\n\n\n\n<figure class=\"wp-block-image size-large is-resized\"><img loading=\"lazy\" src=\"https:\/\/regionordvest.ro\/wp-content\/uploads\/2022\/08\/Prioritatea-2-1024x346.png\" alt=\"\" class=\"wp-image-495\" width=\"437\" height=\"147\" srcset=\"https:\/\/old.regionordvest.ro\/wp-content\/uploads\/2022\/08\/Prioritatea-2-1024x346.png 1024w, https:\/\/old.regionordvest.ro\/wp-content\/uploads\/2022\/08\/Prioritatea-2-300x101.png 300w, https:\/\/old.regionordvest.ro\/wp-content\/uploads\/2022\/08\/Prioritatea-2-768x260.png 768w, https:\/\/old.regionordvest.ro\/wp-content\/uploads\/2022\/08\/Prioritatea-2-1536x519.png 1536w, https:\/\/old.regionordvest.ro\/wp-content\/uploads\/2022\/08\/Prioritatea-2-1200x406.png 1200w, https:\/\/old.regionordvest.ro\/wp-content\/uploads\/2022\/08\/Prioritatea-2.png 1662w\" sizes=\"(max-width: 437px) 100vw, 437px\" \/><\/figure>\n\n\n<div class=\"wp-block-image\">\n<figure class=\"alignleft size-full is-resized\"><img loading=\"lazy\" src=\"https:\/\/regionordvest.ro\/wp-content\/uploads\/2022\/08\/Smarter-Europe-1.png\" alt=\"\" class=\"wp-image-536\" width=\"161\" height=\"160\" srcset=\"https:\/\/old.regionordvest.ro\/wp-content\/uploads\/2022\/08\/Smarter-Europe-1.png 667w, https:\/\/old.regionordvest.ro\/wp-content\/uploads\/2022\/08\/Smarter-Europe-1-300x300.png 300w, https:\/\/old.regionordvest.ro\/wp-content\/uploads\/2022\/08\/Smarter-Europe-1-150x150.png 150w\" sizes=\"(max-width: 161px) 100vw, 161px\" \/><\/figure><\/div>\n\n\n<p>Obiectivul de politic\u0103 1: <strong>O Europ\u0103 mai competitiv\u0103 \u0219i mai inteligent\u0103<\/strong><\/p>\n\n\n\n<p>Obiectivul specific <strong><em>a (ii)<\/em><\/strong>: valorificarea avantajelor digitaliz\u0103rii, \u00een beneficiul cet\u0103\u021benilor, al companiilor, al organiza\u021biilor de cercetare \u0219i al autorit\u0103\u021bilor publice.<\/p>\n\n\n\n<p>Alocarea financiar\u0103 (FEDR): <strong>34.282.941,00 EUR<\/strong><\/p>\n\n\n\n<p>Ac\u021biunile preconizate:<\/p>\n\n\n\n<ul><li>\u00cembun\u0103t\u0103\u021birea calit\u0103\u021bii serviciilor oferite de administra\u021biile publice locale prin solu\u021bii digitale inovatoare \u0219i aplica\u021bii de tip smart city;<\/li><li>Sprijin pentru digitalizarea administra\u021biilor publice locale din mediul rural.<\/li><\/ul>\n\n\n\n<figure class=\"wp-block-embed is-type-video is-provider-youtube wp-block-embed-youtube wp-embed-aspect-16-9 wp-has-aspect-ratio\"><div class=\"wp-block-embed__wrapper\">\n<iframe loading=\"lazy\" title=\"Dezbatere POR Nord-Vest 2021-2027, 21 Septembrie 2021 - Prioritatea 2\" width=\"580\" height=\"326\" src=\"https:\/\/www.youtube.com\/embed\/RvOYQDimqzg?feature=oembed\" frameborder=\"0\" allow=\"accelerometer; autoplay; clipboard-write; encrypted-media; gyroscope; picture-in-picture\" allowfullscreen><\/iframe>\n<\/div><\/figure>\n","protected":false},"excerpt":{"rendered":"<p>Obiectivul de politic\u0103 1: O Europ\u0103 mai competitiv\u0103 \u0219i mai inteligent\u0103 Obiectivul specific a (ii): valorificarea avantajelor digitaliz\u0103rii, \u00een beneficiul cet\u0103\u021benilor, al companiilor, al organiza\u021biilor de cercetare \u0219i al autorit\u0103\u021bilor publice. Alocarea financiar\u0103 (FEDR): 34.282.941,00 EUR Ac\u021biunile preconizate: \u00cembun\u0103t\u0103\u021birea calit\u0103\u021bii serviciilor oferite de administra\u021biile publice locale prin solu\u021bii digitale inovatoare \u0219i aplica\u021bii de tip smart [&hellip;]<\/p>\n","protected":false},"author":1,"featured_media":0,"parent":0,"menu_order":0,"comment_status":"closed","ping_status":"closed","template":"templates\/template-full-width.php","meta":{"beyondwords_generate_audio":"0","beyondwords_project_id":"","beyondwords_podcast_id":"","beyondwords_hash":"","beyondwords_error_message":"","beyondwords_disabled":"","publish_post_to_speechkit":"","speechkit_generate_audio":"","speechkit_project_id":"","speechkit_podcast_id":"","speechkit_hash":"","speechkit_error_message":"","speechkit_disabled":"","speechkit_access_key":"","speechkit_error":"","speechkit_info":"","speechkit_response":"","speechkit_retries":"","speechkit_status":"","_speechkit_disable_generate_audio":"","_speechkit_link":"","_speechkit_text":""},"_links":{"self":[{"href":"https:\/\/old.regionordvest.ro\/index.php?rest_route=\/wp\/v2\/pages\/64"}],"collection":[{"href":"https:\/\/old.regionordvest.ro\/index.php?rest_route=\/wp\/v2\/pages"}],"about":[{"href":"https:\/\/old.regionordvest.ro\/index.php?rest_route=\/wp\/v2\/types\/page"}],"author":[{"embeddable":true,"href":"https:\/\/old.regionordvest.ro\/index.php?rest_route=\/wp\/v2\/users\/1"}],"replies":[{"embeddable":true,"href":"https:\/\/old.regionordvest.ro\/index.php?rest_route=%2Fwp%2Fv2%2Fcomments&post=64"}],"version-history":[{"count":8,"href":"https:\/\/old.regionordvest.ro\/index.php?rest_route=\/wp\/v2\/pages\/64\/revisions"}],"predecessor-version":[{"id":538,"href":"https:\/\/old.regionordvest.ro\/index.php?rest_route=\/wp\/v2\/pages\/64\/revisions\/538"}],"wp:attachment":[{"href":"https:\/\/old.regionordvest.ro\/index.php?rest_route=%2Fwp%2Fv2%2Fmedia&parent=64"}],"curies":[{"name":"wp","href":"https:\/\/api.w.org\/{rel}","templated":true}]}}