{"id":65,"date":"2022-02-08T08:38:23","date_gmt":"2022-02-08T08:38:23","guid":{"rendered":"https:\/\/regionordvest.ro\/?page_id=65"},"modified":"2022-08-24T10:35:49","modified_gmt":"2022-08-24T07:35:49","slug":"prioritatea-3","status":"publish","type":"page","link":"https:\/\/old.regionordvest.ro\/?page_id=65","title":{"rendered":"Prioritatea 3"},"content":{"rendered":"\n<h2 id=\"o-regiune-cu-localita\u021bi-prietenoase-cu-mediul\"><\/h2>\n\n\n\n<figure class=\"wp-block-image size-large is-resized\"><img loading=\"lazy\" src=\"https:\/\/regionordvest.ro\/wp-content\/uploads\/2022\/08\/Prioritatea-3-1024x346.png\" alt=\"\" class=\"wp-image-500\" width=\"437\" height=\"148\" srcset=\"https:\/\/old.regionordvest.ro\/wp-content\/uploads\/2022\/08\/Prioritatea-3-1024x346.png 1024w, https:\/\/old.regionordvest.ro\/wp-content\/uploads\/2022\/08\/Prioritatea-3-300x101.png 300w, https:\/\/old.regionordvest.ro\/wp-content\/uploads\/2022\/08\/Prioritatea-3-768x260.png 768w, https:\/\/old.regionordvest.ro\/wp-content\/uploads\/2022\/08\/Prioritatea-3-1536x519.png 1536w, https:\/\/old.regionordvest.ro\/wp-content\/uploads\/2022\/08\/Prioritatea-3-1200x406.png 1200w, https:\/\/old.regionordvest.ro\/wp-content\/uploads\/2022\/08\/Prioritatea-3.png 1662w\" sizes=\"(max-width: 437px) 100vw, 437px\" \/><\/figure>\n\n\n\n<p>Obiectivul de politic\u0103 2: <strong>O Europ\u0103 mai verde<\/strong><\/p>\n\n\n<div class=\"wp-block-image\">\n<figure class=\"alignleft size-full is-resized\"><img loading=\"lazy\" src=\"https:\/\/regionordvest.ro\/wp-content\/uploads\/2022\/08\/Greener-carbon-free-Europe.png\" alt=\"\" class=\"wp-image-539\" width=\"153\" height=\"152\" srcset=\"https:\/\/old.regionordvest.ro\/wp-content\/uploads\/2022\/08\/Greener-carbon-free-Europe.png 667w, https:\/\/old.regionordvest.ro\/wp-content\/uploads\/2022\/08\/Greener-carbon-free-Europe-300x300.png 300w, https:\/\/old.regionordvest.ro\/wp-content\/uploads\/2022\/08\/Greener-carbon-free-Europe-150x150.png 150w\" sizes=\"(max-width: 153px) 100vw, 153px\" \/><\/figure><\/div>\n\n\n<p>Obiectivele specifice:<\/p>\n\n\n\n<p><strong><em>b (i)<\/em><\/strong> promovarea m\u0103surilor de eficien\u021b\u0103 energetic\u0103 \u0219i reducerea emisiilor de gaze cu efect de ser\u0103;<\/p>\n\n\n\n<p><strong><em>b (ii)<\/em><\/strong> promovarea energiei din surse regenerabile \u00een conformitate cu Directiva (UE) 2018\/2001, inclusiv cu criteriile de durabilitate prevazute \u00een cadrul acesteia;<\/p>\n\n\n\n<p><strong><em>b (vii)<\/em><\/strong> cre\u0219terea protec\u021biei \u0219i conservarii naturii, a biodiversit\u0103\u021bii \u0219i a infrastructurii verzi, inclusiv \u00een zonele urbane, precum \u0219i reducerea tuturor formelor de poluare.<\/p>\n\n\n\n<p>Alocarea financiar\u0103 (FEDR): <strong>196.066.195,00 EUR<\/strong><\/p>\n\n\n\n<p><strong><em>OS b (i)<\/em><\/strong>: <strong>102.066.195,00 EUR<\/strong><strong><\/strong><\/p>\n\n\n\n<p><strong><em>OS b (ii)<\/em><\/strong>: <strong>34.000.000,00 EUR<\/strong><\/p>\n\n\n\n<p><strong><em>OS b (vii)<\/em><\/strong>: <strong>60.000.000,00 EUR<\/strong><\/p>\n\n\n\n<p>Ac\u021biunile preconizate:<\/p>\n\n\n\n<ul><li>Cre\u0219terea eficien\u021bei energetice \u00een regiune ca parte a investi\u021biilor \u00een sectorul locuin\u021belor;<\/li><li>Sprijinirea eficien\u021bei energetice \u00een cl\u0103dirile publice, inclusiv cl\u0103diri de patrimoniu;<\/li><li>Promovarea energiei regenerabile \u00een comunit\u0103\u021bile rurale;<\/li><li>Dezvoltarea unor ora\u0219e verzi \u0219i \u00eembun\u0103t\u0103\u021birea infrastructurii verzi din zonele urbane.<\/li><\/ul>\n\n\n\n<figure class=\"wp-block-embed is-type-video is-provider-youtube wp-block-embed-youtube wp-embed-aspect-16-9 wp-has-aspect-ratio\"><div class=\"wp-block-embed__wrapper\">\n<iframe loading=\"lazy\" title=\"Dezbatere POR Nord-Vest 2021-2027, 22 Septembrie 2021 - Prioritatea 3\" width=\"580\" height=\"326\" src=\"https:\/\/www.youtube.com\/embed\/ScbS9rV9f1s?feature=oembed\" frameborder=\"0\" allow=\"accelerometer; autoplay; clipboard-write; encrypted-media; gyroscope; picture-in-picture\" allowfullscreen><\/iframe>\n<\/div><\/figure>\n","protected":false},"excerpt":{"rendered":"<p>Obiectivul de politic\u0103 2: O Europ\u0103 mai verde Obiectivele specifice: b (i) promovarea m\u0103surilor de eficien\u021b\u0103 energetic\u0103 \u0219i reducerea emisiilor de gaze cu efect de ser\u0103; b (ii) promovarea energiei din surse regenerabile \u00een conformitate cu Directiva (UE) 2018\/2001, inclusiv cu criteriile de durabilitate prevazute \u00een cadrul acesteia; b (vii) cre\u0219terea protec\u021biei \u0219i conservarii naturii, [&hellip;]<\/p>\n","protected":false},"author":1,"featured_media":0,"parent":0,"menu_order":0,"comment_status":"closed","ping_status":"closed","template":"templates\/template-full-width.php","meta":{"beyondwords_generate_audio":"0","beyondwords_project_id":"","beyondwords_podcast_id":"","beyondwords_hash":"","beyondwords_error_message":"","beyondwords_disabled":"","publish_post_to_speechkit":"","speechkit_generate_audio":"","speechkit_project_id":"","speechkit_podcast_id":"","speechkit_hash":"","speechkit_error_message":"","speechkit_disabled":"","speechkit_access_key":"","speechkit_error":"","speechkit_info":"","speechkit_response":"","speechkit_retries":"","speechkit_status":"","_speechkit_disable_generate_audio":"","_speechkit_link":"","_speechkit_text":""},"_links":{"self":[{"href":"https:\/\/old.regionordvest.ro\/index.php?rest_route=\/wp\/v2\/pages\/65"}],"collection":[{"href":"https:\/\/old.regionordvest.ro\/index.php?rest_route=\/wp\/v2\/pages"}],"about":[{"href":"https:\/\/old.regionordvest.ro\/index.php?rest_route=\/wp\/v2\/types\/page"}],"author":[{"embeddable":true,"href":"https:\/\/old.regionordvest.ro\/index.php?rest_route=\/wp\/v2\/users\/1"}],"replies":[{"embeddable":true,"href":"https:\/\/old.regionordvest.ro\/index.php?rest_route=%2Fwp%2Fv2%2Fcomments&post=65"}],"version-history":[{"count":7,"href":"https:\/\/old.regionordvest.ro\/index.php?rest_route=\/wp\/v2\/pages\/65\/revisions"}],"predecessor-version":[{"id":547,"href":"https:\/\/old.regionordvest.ro\/index.php?rest_route=\/wp\/v2\/pages\/65\/revisions\/547"}],"wp:attachment":[{"href":"https:\/\/old.regionordvest.ro\/index.php?rest_route=%2Fwp%2Fv2%2Fmedia&parent=65"}],"curies":[{"name":"wp","href":"https:\/\/api.w.org\/{rel}","templated":true}]}}