{"id":66,"date":"2022-02-08T08:38:23","date_gmt":"2022-02-08T08:38:23","guid":{"rendered":"https:\/\/regionordvest.ro\/?page_id=66"},"modified":"2022-08-24T10:34:14","modified_gmt":"2022-08-24T07:34:14","slug":"prioritatea-4","status":"publish","type":"page","link":"https:\/\/old.regionordvest.ro\/?page_id=66","title":{"rendered":"Prioritatea 4"},"content":{"rendered":"\n<h2 id=\"o-regiune-cu-mobilitate-urbana-multimodala-sustenabila\"><\/h2>\n\n\n\n<figure class=\"wp-block-image size-large is-resized\"><img loading=\"lazy\" src=\"https:\/\/regionordvest.ro\/wp-content\/uploads\/2022\/08\/Prioritatea-4-1024x346.png\" alt=\"\" class=\"wp-image-504\" width=\"437\" height=\"148\" srcset=\"https:\/\/old.regionordvest.ro\/wp-content\/uploads\/2022\/08\/Prioritatea-4-1024x346.png 1024w, https:\/\/old.regionordvest.ro\/wp-content\/uploads\/2022\/08\/Prioritatea-4-300x101.png 300w, https:\/\/old.regionordvest.ro\/wp-content\/uploads\/2022\/08\/Prioritatea-4-768x260.png 768w, https:\/\/old.regionordvest.ro\/wp-content\/uploads\/2022\/08\/Prioritatea-4-1536x519.png 1536w, https:\/\/old.regionordvest.ro\/wp-content\/uploads\/2022\/08\/Prioritatea-4-1200x406.png 1200w, https:\/\/old.regionordvest.ro\/wp-content\/uploads\/2022\/08\/Prioritatea-4.png 1662w\" sizes=\"(max-width: 437px) 100vw, 437px\" \/><\/figure>\n\n\n\n<p>Obiectivul de politica 2: <strong>O Europ\u0103 mai verde<\/strong><\/p>\n\n\n<div class=\"wp-block-image\">\n<figure class=\"alignleft size-full is-resized\"><img loading=\"lazy\" src=\"https:\/\/regionordvest.ro\/wp-content\/uploads\/2022\/08\/Greener-carbon-free-Europe-1.png\" alt=\"\" class=\"wp-image-542\" width=\"159\" height=\"158\" srcset=\"https:\/\/old.regionordvest.ro\/wp-content\/uploads\/2022\/08\/Greener-carbon-free-Europe-1.png 667w, https:\/\/old.regionordvest.ro\/wp-content\/uploads\/2022\/08\/Greener-carbon-free-Europe-1-300x300.png 300w, https:\/\/old.regionordvest.ro\/wp-content\/uploads\/2022\/08\/Greener-carbon-free-Europe-1-150x150.png 150w\" sizes=\"(max-width: 159px) 100vw, 159px\" \/><\/figure><\/div>\n\n\n<p>Obiectivul specific <strong><em>b (viii)<\/em><\/strong>: promovarea mobilit\u0103\u021bii urbane multimodale durabile, ca parte a tranzi\u021biei c\u0103tre o economie cu zero emisii de dioxid de carbon.<\/p>\n\n\n\n<p>Alocarea financiar\u0103 (FEDR): <strong>259.382.388,00 EUR<\/strong> <\/p>\n\n\n\n<p>Actiunea preconizat\u0103: Utilizarea crescut\u0103 a transportului public \u0219i a altor forme de mobilitate urban\u0103 ecologice.<\/p>\n\n\n\n<figure class=\"wp-block-embed is-type-video is-provider-youtube wp-block-embed-youtube wp-embed-aspect-16-9 wp-has-aspect-ratio\"><div class=\"wp-block-embed__wrapper\">\n<iframe loading=\"lazy\" title=\"Dezbatere POR Nord-Vest 2021-2027, 22 Septembrie 2021 - Prioritatea 4\" width=\"580\" height=\"326\" src=\"https:\/\/www.youtube.com\/embed\/W3ScAxqWp7A?feature=oembed\" frameborder=\"0\" allow=\"accelerometer; autoplay; clipboard-write; encrypted-media; gyroscope; picture-in-picture\" allowfullscreen><\/iframe>\n<\/div><\/figure>\n","protected":false},"excerpt":{"rendered":"<p>Obiectivul de politica 2: O Europ\u0103 mai verde Obiectivul specific b (viii): promovarea mobilit\u0103\u021bii urbane multimodale durabile, ca parte a tranzi\u021biei c\u0103tre o economie cu zero emisii de dioxid de carbon. Alocarea financiar\u0103 (FEDR): 259.382.388,00 EUR Actiunea preconizat\u0103: Utilizarea crescut\u0103 a transportului public \u0219i a altor forme de mobilitate urban\u0103 ecologice.<\/p>\n","protected":false},"author":1,"featured_media":0,"parent":0,"menu_order":0,"comment_status":"closed","ping_status":"closed","template":"templates\/template-full-width.php","meta":{"beyondwords_generate_audio":"0","beyondwords_project_id":"","beyondwords_podcast_id":"","beyondwords_hash":"","beyondwords_error_message":"","beyondwords_disabled":"","publish_post_to_speechkit":"","speechkit_generate_audio":"","speechkit_project_id":"","speechkit_podcast_id":"","speechkit_hash":"","speechkit_error_message":"","speechkit_disabled":"","speechkit_access_key":"","speechkit_error":"","speechkit_info":"","speechkit_response":"","speechkit_retries":"","speechkit_status":"","_speechkit_disable_generate_audio":"","_speechkit_link":"","_speechkit_text":""},"_links":{"self":[{"href":"https:\/\/old.regionordvest.ro\/index.php?rest_route=\/wp\/v2\/pages\/66"}],"collection":[{"href":"https:\/\/old.regionordvest.ro\/index.php?rest_route=\/wp\/v2\/pages"}],"about":[{"href":"https:\/\/old.regionordvest.ro\/index.php?rest_route=\/wp\/v2\/types\/page"}],"author":[{"embeddable":true,"href":"https:\/\/old.regionordvest.ro\/index.php?rest_route=\/wp\/v2\/users\/1"}],"replies":[{"embeddable":true,"href":"https:\/\/old.regionordvest.ro\/index.php?rest_route=%2Fwp%2Fv2%2Fcomments&post=66"}],"version-history":[{"count":7,"href":"https:\/\/old.regionordvest.ro\/index.php?rest_route=\/wp\/v2\/pages\/66\/revisions"}],"predecessor-version":[{"id":543,"href":"https:\/\/old.regionordvest.ro\/index.php?rest_route=\/wp\/v2\/pages\/66\/revisions\/543"}],"wp:attachment":[{"href":"https:\/\/old.regionordvest.ro\/index.php?rest_route=%2Fwp%2Fv2%2Fmedia&parent=66"}],"curies":[{"name":"wp","href":"https:\/\/api.w.org\/{rel}","templated":true}]}}