{"id":67,"date":"2022-02-08T08:38:23","date_gmt":"2022-02-08T08:38:23","guid":{"rendered":"https:\/\/regionordvest.ro\/?page_id=67"},"modified":"2022-08-24T10:39:48","modified_gmt":"2022-08-24T07:39:48","slug":"prioritatea-5","status":"publish","type":"page","link":"https:\/\/old.regionordvest.ro\/?page_id=67","title":{"rendered":"Prioritatea 5"},"content":{"rendered":"\n<h2 id=\"o-regiune-accesibila\"><\/h2>\n\n\n\n<figure class=\"wp-block-image size-large is-resized\"><img loading=\"lazy\" src=\"https:\/\/regionordvest.ro\/wp-content\/uploads\/2022\/08\/Prioritatea-5-1024x346.png\" alt=\"\" class=\"wp-image-507\" width=\"438\" height=\"148\" srcset=\"https:\/\/old.regionordvest.ro\/wp-content\/uploads\/2022\/08\/Prioritatea-5-1024x346.png 1024w, https:\/\/old.regionordvest.ro\/wp-content\/uploads\/2022\/08\/Prioritatea-5-300x101.png 300w, https:\/\/old.regionordvest.ro\/wp-content\/uploads\/2022\/08\/Prioritatea-5-768x260.png 768w, https:\/\/old.regionordvest.ro\/wp-content\/uploads\/2022\/08\/Prioritatea-5-1536x519.png 1536w, https:\/\/old.regionordvest.ro\/wp-content\/uploads\/2022\/08\/Prioritatea-5-1200x406.png 1200w, https:\/\/old.regionordvest.ro\/wp-content\/uploads\/2022\/08\/Prioritatea-5.png 1662w\" sizes=\"(max-width: 438px) 100vw, 438px\" \/><\/figure>\n\n\n\n<p>Obiectivul de politic\u0103 3: <strong>O Europ\u0103 mai conectat\u0103<\/strong><\/p>\n\n\n<div class=\"wp-block-image\">\n<figure class=\"alignleft size-full is-resized\"><img loading=\"lazy\" src=\"https:\/\/regionordvest.ro\/wp-content\/uploads\/2022\/08\/Connected-Europe.png\" alt=\"\" class=\"wp-image-544\" width=\"161\" height=\"161\" srcset=\"https:\/\/old.regionordvest.ro\/wp-content\/uploads\/2022\/08\/Connected-Europe.png 667w, https:\/\/old.regionordvest.ro\/wp-content\/uploads\/2022\/08\/Connected-Europe-300x300.png 300w, https:\/\/old.regionordvest.ro\/wp-content\/uploads\/2022\/08\/Connected-Europe-150x150.png 150w\" sizes=\"(max-width: 161px) 100vw, 161px\" \/><\/figure><\/div>\n\n\n<p>Obiectivul specific <strong><em>c (ii)<\/em><\/strong>: dezvoltarea \u0219i cre\u0219terea unei mobilit\u0103\u021bi na\u021bionale, regionale \u0219i locale durabile, reziliente la schimbarile climatice, inteligente \u0219i intermodale, inclusiv \u00eembun\u0103t\u0103\u021birea accesului la TEN-T \u0219i a mobilit\u0103\u021bii transfrontaliere.<\/p>\n\n\n\n<p>Alocarea financiar\u0103 (FEDR): <strong>157.231.901,00 EUR<\/strong><\/p>\n\n\n\n<p>Ac\u021biunile preconizate:<\/p>\n\n\n\n<ul><li>Construirea\/reabilitarea leg\u0103turilor rutiere secundare c\u0103tre re\u021beaua rutier\u0103 \u0219i nodurile TEN-T;<\/li><li>Solu\u021bii pentru cre\u0219terea siguran\u021bei traficului;<\/li><li>\u00cembun\u0103t\u0103\u021birea transportului jude\u021bean de c\u0103l\u0103tori prin achizi\u021bionare de material rulant pentru conectare inter-urban\u0103, contribuind la cre\u0219terea calit\u0103\u021bii aerului \u0219i reducerea zgomotului.<\/li><\/ul>\n\n\n\n<figure class=\"wp-block-embed is-type-video is-provider-youtube wp-block-embed-youtube wp-embed-aspect-16-9 wp-has-aspect-ratio\"><div class=\"wp-block-embed__wrapper\">\n<iframe loading=\"lazy\" title=\"Dezbateri POR Nord-Vest 2021-2027, 23 Septembrie 2021 - Prioritatea 5\" width=\"580\" height=\"326\" src=\"https:\/\/www.youtube.com\/embed\/e0Z7G0PeJIo?feature=oembed\" frameborder=\"0\" allow=\"accelerometer; autoplay; clipboard-write; encrypted-media; gyroscope; picture-in-picture\" allowfullscreen><\/iframe>\n<\/div><\/figure>\n","protected":false},"excerpt":{"rendered":"<p>Obiectivul de politic\u0103 3: O Europ\u0103 mai conectat\u0103 Obiectivul specific c (ii): dezvoltarea \u0219i cre\u0219terea unei mobilit\u0103\u021bi na\u021bionale, regionale \u0219i locale durabile, reziliente la schimbarile climatice, inteligente \u0219i intermodale, inclusiv \u00eembun\u0103t\u0103\u021birea accesului la TEN-T \u0219i a mobilit\u0103\u021bii transfrontaliere. Alocarea financiar\u0103 (FEDR): 157.231.901,00 EUR Ac\u021biunile preconizate: Construirea\/reabilitarea leg\u0103turilor rutiere secundare c\u0103tre re\u021beaua rutier\u0103 \u0219i nodurile TEN-T; [&hellip;]<\/p>\n","protected":false},"author":1,"featured_media":0,"parent":0,"menu_order":0,"comment_status":"closed","ping_status":"closed","template":"templates\/template-full-width.php","meta":{"beyondwords_generate_audio":"0","beyondwords_project_id":"","beyondwords_podcast_id":"","beyondwords_hash":"","beyondwords_error_message":"","beyondwords_disabled":"","publish_post_to_speechkit":"","speechkit_generate_audio":"","speechkit_project_id":"","speechkit_podcast_id":"","speechkit_hash":"","speechkit_error_message":"","speechkit_disabled":"","speechkit_access_key":"","speechkit_error":"","speechkit_info":"","speechkit_response":"","speechkit_retries":"","speechkit_status":"","_speechkit_disable_generate_audio":"","_speechkit_link":"","_speechkit_text":""},"_links":{"self":[{"href":"https:\/\/old.regionordvest.ro\/index.php?rest_route=\/wp\/v2\/pages\/67"}],"collection":[{"href":"https:\/\/old.regionordvest.ro\/index.php?rest_route=\/wp\/v2\/pages"}],"about":[{"href":"https:\/\/old.regionordvest.ro\/index.php?rest_route=\/wp\/v2\/types\/page"}],"author":[{"embeddable":true,"href":"https:\/\/old.regionordvest.ro\/index.php?rest_route=\/wp\/v2\/users\/1"}],"replies":[{"embeddable":true,"href":"https:\/\/old.regionordvest.ro\/index.php?rest_route=%2Fwp%2Fv2%2Fcomments&post=67"}],"version-history":[{"count":6,"href":"https:\/\/old.regionordvest.ro\/index.php?rest_route=\/wp\/v2\/pages\/67\/revisions"}],"predecessor-version":[{"id":552,"href":"https:\/\/old.regionordvest.ro\/index.php?rest_route=\/wp\/v2\/pages\/67\/revisions\/552"}],"wp:attachment":[{"href":"https:\/\/old.regionordvest.ro\/index.php?rest_route=%2Fwp%2Fv2%2Fmedia&parent=67"}],"curies":[{"name":"wp","href":"https:\/\/api.w.org\/{rel}","templated":true}]}}