{"id":68,"date":"2022-02-08T08:38:23","date_gmt":"2022-02-08T08:38:23","guid":{"rendered":"https:\/\/regionordvest.ro\/?page_id=68"},"modified":"2022-08-24T10:37:21","modified_gmt":"2022-08-24T07:37:21","slug":"prioritatea-6","status":"publish","type":"page","link":"https:\/\/old.regionordvest.ro\/?page_id=68","title":{"rendered":"Prioritatea 6"},"content":{"rendered":"\n<h2 id=\"o-regiune-educata\"><\/h2>\n\n\n\n<figure class=\"wp-block-image size-large is-resized\"><img loading=\"lazy\" src=\"https:\/\/regionordvest.ro\/wp-content\/uploads\/2022\/08\/Prioritatea-6-1024x346.png\" alt=\"\" class=\"wp-image-514\" width=\"437\" height=\"148\" srcset=\"https:\/\/old.regionordvest.ro\/wp-content\/uploads\/2022\/08\/Prioritatea-6-1024x346.png 1024w, https:\/\/old.regionordvest.ro\/wp-content\/uploads\/2022\/08\/Prioritatea-6-300x101.png 300w, https:\/\/old.regionordvest.ro\/wp-content\/uploads\/2022\/08\/Prioritatea-6-768x260.png 768w, https:\/\/old.regionordvest.ro\/wp-content\/uploads\/2022\/08\/Prioritatea-6-1536x519.png 1536w, https:\/\/old.regionordvest.ro\/wp-content\/uploads\/2022\/08\/Prioritatea-6-1200x406.png 1200w, https:\/\/old.regionordvest.ro\/wp-content\/uploads\/2022\/08\/Prioritatea-6.png 1662w\" sizes=\"(max-width: 437px) 100vw, 437px\" \/><\/figure>\n\n\n\n<p>Obiectivul de politica 4: <strong>O Europ\u0103 mai social\u0103 \u0219i mai incluziv\u0103<\/strong><\/p>\n\n\n<div class=\"wp-block-image\">\n<figure class=\"alignleft size-full is-resized\"><img loading=\"lazy\" src=\"https:\/\/regionordvest.ro\/wp-content\/uploads\/2022\/08\/Social-Europe.png\" alt=\"\" class=\"wp-image-548\" width=\"159\" height=\"159\" srcset=\"https:\/\/old.regionordvest.ro\/wp-content\/uploads\/2022\/08\/Social-Europe.png 667w, https:\/\/old.regionordvest.ro\/wp-content\/uploads\/2022\/08\/Social-Europe-300x300.png 300w, https:\/\/old.regionordvest.ro\/wp-content\/uploads\/2022\/08\/Social-Europe-150x150.png 150w\" sizes=\"(max-width: 159px) 100vw, 159px\" \/><\/figure><\/div>\n\n\n<p>Obiectivele specifice:<\/p>\n\n\n\n<p><strong><em>d (ii)<\/em><\/strong> \u00eembun\u0103t\u0103\u021birea accesului egal la servicii de calitate \u0219i incluzive \u00een educa\u021bie, formare \u0219i \u00eenv\u0103\u021barea pe tot parcursul vie\u021bii prin dezvoltarea infrastructurii accesibile, inclusiv prin promovarea rezilien\u021bei pentru educa\u021bia \u0219i formarea la distan\u021b\u0103 \u0219i online;<\/p>\n\n\n\n<p><strong><em>d (vi)<\/em><\/strong> cre\u0219terea rolului culturii \u0219i al turismului durabil \u00een dezvoltarea economic\u0103, incluziunea social\u0103 \u0219i inovarea social\u0103.<\/p>\n\n\n\n<p>Alocarea financiar\u0103 (FEDR): <strong>38.693.050 EUR<\/strong><\/p>\n\n\n\n<p><strong><em>OS d (ii)<\/em><\/strong>: <strong>36.693.050,00 EUR<\/strong><strong><\/strong><\/p>\n\n\n\n<p><strong><em>OS d (vi)<\/em><\/strong>: <strong>2.000.000,00 EUR<\/strong><\/p>\n\n\n\n<p>Ac\u021biunile preconizate:<\/p>\n\n\n\n<ul><li>Dezvoltarea infrastructurii educa\u021bionale la nivelul educa\u021biei timpurii \u0219i \u00eenv\u0103\u021b\u0103m\u00e2ntului primar \u0219i secundar;<\/li><li>Dezvoltarea infrastructurii educa\u021bionale \u00een domeniul \u00eenv\u0103\u021b\u0103m\u00e2ntului profesional \u0219i tehnic (licee tehnologice), inclusiv \u00een sistem dual;<\/li><li>Dezvoltarea infrastructurii educa\u021bionale \u00een \u00eenv\u0103\u021b\u0103m\u00e2ntul universitar;<\/li><li>Modernizarea\/reabilitarea\/dotarea taberelor de elevi \u0219i pre\u0219colari.<\/li><\/ul>\n\n\n\n<figure class=\"wp-block-embed is-type-video is-provider-youtube wp-block-embed-youtube wp-embed-aspect-16-9 wp-has-aspect-ratio\"><div class=\"wp-block-embed__wrapper\">\n<iframe loading=\"lazy\" title=\"Dezbatere POR Nord-Vest 2021-2027, 28 Septembrie 2021 - Prioritatea 6\" width=\"580\" height=\"326\" src=\"https:\/\/www.youtube.com\/embed\/XebDnTyT7jg?feature=oembed\" frameborder=\"0\" allow=\"accelerometer; autoplay; clipboard-write; encrypted-media; gyroscope; picture-in-picture\" allowfullscreen><\/iframe>\n<\/div><\/figure>\n","protected":false},"excerpt":{"rendered":"<p>Obiectivul de politica 4: O Europ\u0103 mai social\u0103 \u0219i mai incluziv\u0103 Obiectivele specifice: d (ii) \u00eembun\u0103t\u0103\u021birea accesului egal la servicii de calitate \u0219i incluzive \u00een educa\u021bie, formare \u0219i \u00eenv\u0103\u021barea pe tot parcursul vie\u021bii prin dezvoltarea infrastructurii accesibile, inclusiv prin promovarea rezilien\u021bei pentru educa\u021bia \u0219i formarea la distan\u021b\u0103 \u0219i online; d (vi) cre\u0219terea rolului culturii \u0219i [&hellip;]<\/p>\n","protected":false},"author":1,"featured_media":0,"parent":0,"menu_order":0,"comment_status":"closed","ping_status":"closed","template":"templates\/template-full-width.php","meta":{"beyondwords_generate_audio":"0","beyondwords_project_id":"","beyondwords_podcast_id":"","beyondwords_hash":"","beyondwords_error_message":"","beyondwords_disabled":"","publish_post_to_speechkit":"","speechkit_generate_audio":"","speechkit_project_id":"","speechkit_podcast_id":"","speechkit_hash":"","speechkit_error_message":"","speechkit_disabled":"","speechkit_access_key":"","speechkit_error":"","speechkit_info":"","speechkit_response":"","speechkit_retries":"","speechkit_status":"","_speechkit_disable_generate_audio":"","_speechkit_link":"","_speechkit_text":""},"_links":{"self":[{"href":"https:\/\/old.regionordvest.ro\/index.php?rest_route=\/wp\/v2\/pages\/68"}],"collection":[{"href":"https:\/\/old.regionordvest.ro\/index.php?rest_route=\/wp\/v2\/pages"}],"about":[{"href":"https:\/\/old.regionordvest.ro\/index.php?rest_route=\/wp\/v2\/types\/page"}],"author":[{"embeddable":true,"href":"https:\/\/old.regionordvest.ro\/index.php?rest_route=\/wp\/v2\/users\/1"}],"replies":[{"embeddable":true,"href":"https:\/\/old.regionordvest.ro\/index.php?rest_route=%2Fwp%2Fv2%2Fcomments&post=68"}],"version-history":[{"count":5,"href":"https:\/\/old.regionordvest.ro\/index.php?rest_route=\/wp\/v2\/pages\/68\/revisions"}],"predecessor-version":[{"id":549,"href":"https:\/\/old.regionordvest.ro\/index.php?rest_route=\/wp\/v2\/pages\/68\/revisions\/549"}],"wp:attachment":[{"href":"https:\/\/old.regionordvest.ro\/index.php?rest_route=%2Fwp%2Fv2%2Fmedia&parent=68"}],"curies":[{"name":"wp","href":"https:\/\/api.w.org\/{rel}","templated":true}]}}