{"id":69,"date":"2022-02-08T08:38:23","date_gmt":"2022-02-08T08:38:23","guid":{"rendered":"https:\/\/regionordvest.ro\/?page_id=69"},"modified":"2022-08-24T12:51:38","modified_gmt":"2022-08-24T09:51:38","slug":"prioritatea-7","status":"publish","type":"page","link":"https:\/\/old.regionordvest.ro\/?page_id=69","title":{"rendered":"Prioritatea 7"},"content":{"rendered":"\t\t<div data-elementor-type=\"wp-page\" data-elementor-id=\"69\" class=\"elementor elementor-69\">\n\t\t\t\t\t\t\t\t\t<section class=\"elementor-section elementor-top-section elementor-element elementor-element-19156058 elementor-section-boxed elementor-section-height-default elementor-section-height-default\" data-id=\"19156058\" data-element_type=\"section\">\n\t\t\t\t\t\t<div class=\"elementor-container elementor-column-gap-default\">\n\t\t\t\t\t<div class=\"elementor-column elementor-col-100 elementor-top-column elementor-element elementor-element-73f204ea\" data-id=\"73f204ea\" data-element_type=\"column\">\n\t\t\t<div class=\"elementor-widget-wrap elementor-element-populated\">\n\t\t\t\t\t\t\t\t<div class=\"elementor-element elementor-element-336a425d elementor-widget elementor-widget-text-editor\" data-id=\"336a425d\" data-element_type=\"widget\" data-widget_type=\"text-editor.default\">\n\t\t\t\t<div class=\"elementor-widget-container\">\n\t\t\t<style>\/*! elementor - v3.7.2 - 21-08-2022 *\/\n.elementor-widget-text-editor.elementor-drop-cap-view-stacked .elementor-drop-cap{background-color:#818a91;color:#fff}.elementor-widget-text-editor.elementor-drop-cap-view-framed .elementor-drop-cap{color:#818a91;border:3px solid;background-color:transparent}.elementor-widget-text-editor:not(.elementor-drop-cap-view-default) .elementor-drop-cap{margin-top:8px}.elementor-widget-text-editor:not(.elementor-drop-cap-view-default) .elementor-drop-cap-letter{width:1em;height:1em}.elementor-widget-text-editor .elementor-drop-cap{float:left;text-align:center;line-height:1;font-size:50px}.elementor-widget-text-editor .elementor-drop-cap-letter{display:inline-block}<\/style>\t\t\t\t<p><!-- wp:heading --><\/p>\n<h2 id=\"o-regiune-atractiva\"><img loading=\"lazy\" class=\"wp-image-519\" style=\"color: var( --e-global-color-text ); font-family: var( --e-global-typography-text-font-family ), Sans-serif; font-weight: var( --e-global-typography-text-font-weight ); font-size: 2.1rem; letter-spacing: normal; text-align: left;\" src=\"https:\/\/regionordvest.ro\/wp-content\/uploads\/2022\/08\/Prioritatea-7-1024x346.png\" alt=\"\" width=\"438\" height=\"148\" srcset=\"https:\/\/old.regionordvest.ro\/wp-content\/uploads\/2022\/08\/Prioritatea-7-1024x346.png 1024w, https:\/\/old.regionordvest.ro\/wp-content\/uploads\/2022\/08\/Prioritatea-7-300x101.png 300w, https:\/\/old.regionordvest.ro\/wp-content\/uploads\/2022\/08\/Prioritatea-7-768x260.png 768w, https:\/\/old.regionordvest.ro\/wp-content\/uploads\/2022\/08\/Prioritatea-7-1536x519.png 1536w, https:\/\/old.regionordvest.ro\/wp-content\/uploads\/2022\/08\/Prioritatea-7-1200x406.png 1200w, https:\/\/old.regionordvest.ro\/wp-content\/uploads\/2022\/08\/Prioritatea-7.png 1662w\" sizes=\"(max-width: 438px) 100vw, 438px\" \/><\/h2>\n<p><!-- \/wp:image --><\/p>\n<p><!-- wp:paragraph --><\/p>\n<p>Obiectivul de politic\u0103 5: <strong>O Europ\u0103 mai aproape de cet\u0103\u021beni<\/strong><\/p>\n<p><!-- \/wp:paragraph --><\/p>\n<p><!-- wp:image {\"align\":\"left\",\"id\":550,\"width\":160,\"height\":162,\"sizeSlug\":\"full\",\"linkDestination\":\"none\"} --><\/p>\n<figure class=\"wp-block-image alignleft size-full is-resized\"><img loading=\"lazy\" class=\"wp-image-550\" src=\"https:\/\/regionordvest.ro\/wp-content\/uploads\/2022\/08\/Europe-closer-to-citizens.png\" alt=\"\" width=\"160\" height=\"162\" srcset=\"https:\/\/old.regionordvest.ro\/wp-content\/uploads\/2022\/08\/Europe-closer-to-citizens.png 658w, https:\/\/old.regionordvest.ro\/wp-content\/uploads\/2022\/08\/Europe-closer-to-citizens-296x300.png 296w\" sizes=\"(max-width: 160px) 100vw, 160px\" \/><\/figure>\n<p><!-- \/wp:image --><\/p>\n<p><!-- wp:paragraph --><\/p>\n<p>Obiectivele specifice:<\/p>\n<p><!-- \/wp:paragraph --><\/p>\n<p><!-- wp:paragraph --><\/p>\n<p><strong><em>&nbsp; e (i)<\/em><\/strong> promovarea dezvolt\u0103rii integrate \u0219i incluzive \u00een domeniul social, economic \u0219i al mediului, precum&nbsp; &nbsp; &nbsp;\u0219i a culturii, a patrimoniului natural, a turismului durabil \u0219i a securit\u0103\u021bii \u00een zonele urbane;<\/p>\n<p><!-- \/wp:paragraph --><\/p>\n<p><!-- wp:paragraph --><\/p>\n<p><strong><em>&nbsp; e (ii)<\/em><\/strong> promovarea dezvolt\u0103rii locale integrate \u0219i incluzive \u00een domeniul social, economic \u0219i al mediului, \u00een domeniul culturii, al patrimoniului natural, al turismului durabil, precum \u0219i a securit\u0103\u021bii \u00een alte zone dec\u00e2t cele urbane.<\/p>\n<p><!-- \/wp:paragraph --><\/p>\n<p><!-- wp:paragraph --><\/p>\n<p>Alocarea financiar\u0103 (FEDR): <strong>178.808.663,00 EUR<\/strong><\/p>\n<p><!-- \/wp:paragraph --><\/p>\n<p><!-- wp:paragraph --><\/p>\n<p><strong><em>OS e (i)<\/em><\/strong>: <strong>148.683.663,00 EUR<\/strong><\/p>\n<p><!-- \/wp:paragraph --><\/p>\n<p><!-- wp:paragraph --><\/p>\n<p><strong><em>OS e (ii)<\/em><\/strong>: <strong>30.125.000,00 EUR<\/strong><\/p>\n<p><!-- \/wp:paragraph --><\/p>\n<p><!-- wp:paragraph --><\/p>\n<p>Ac\u021biunile preconizate:<span style=\"color: var( --e-global-color-text ); font-size: inherit; font-weight: var( --e-global-typography-text-font-weight ); text-align: inherit;\">&nbsp;<\/span><\/p>\n<p><!-- \/wp:embed --><\/p>\t\t\t\t\t\t<\/div>\n\t\t\t\t<\/div>\n\t\t\t\t<div class=\"elementor-element elementor-element-d38192c elementor-widget elementor-widget-toggle\" data-id=\"d38192c\" data-element_type=\"widget\" data-widget_type=\"toggle.default\">\n\t\t\t\t<div class=\"elementor-widget-container\">\n\t\t\t<style>\/*! elementor - v3.7.2 - 21-08-2022 *\/\n.elementor-toggle{text-align:left}.elementor-toggle .elementor-tab-title{font-weight:700;line-height:1;margin:0;padding:15px;border-bottom:1px solid #d4d4d4;cursor:pointer;outline:none}.elementor-toggle .elementor-tab-title .elementor-toggle-icon{display:inline-block;width:1em}.elementor-toggle .elementor-tab-title .elementor-toggle-icon svg{-webkit-margin-start:-5px;margin-inline-start:-5px;width:1em;height:1em}.elementor-toggle .elementor-tab-title .elementor-toggle-icon.elementor-toggle-icon-right{float:right;text-align:right}.elementor-toggle .elementor-tab-title .elementor-toggle-icon.elementor-toggle-icon-left{float:left;text-align:left}.elementor-toggle .elementor-tab-title .elementor-toggle-icon .elementor-toggle-icon-closed{display:block}.elementor-toggle .elementor-tab-title .elementor-toggle-icon .elementor-toggle-icon-opened{display:none}.elementor-toggle .elementor-tab-title.elementor-active{border-bottom:none}.elementor-toggle .elementor-tab-title.elementor-active .elementor-toggle-icon-closed{display:none}.elementor-toggle .elementor-tab-title.elementor-active .elementor-toggle-icon-opened{display:block}.elementor-toggle .elementor-tab-content{padding:15px;border-bottom:1px solid #d4d4d4;display:none}@media (max-width:767px){.elementor-toggle .elementor-tab-title{padding:12px}.elementor-toggle .elementor-tab-content{padding:12px 10px}}.e-container>.elementor-widget-toggle{width:var(--container-widget-width,100%)}<\/style>\t\t<div class=\"elementor-toggle\" role=\"tablist\">\n\t\t\t\t\t\t\t<div class=\"elementor-toggle-item\">\n\t\t\t\t\t<div id=\"elementor-tab-title-2211\" class=\"elementor-tab-title\" data-tab=\"1\" role=\"tab\" aria-controls=\"elementor-tab-content-2211\" aria-expanded=\"false\">\n\t\t\t\t\t\t\t\t\t\t\t\t<span class=\"elementor-toggle-icon elementor-toggle-icon-left\" aria-hidden=\"true\">\n\t\t\t\t\t\t\t\t\t\t\t\t\t\t\t<span class=\"elementor-toggle-icon-closed\"><i class=\"fas fa-caret-right\"><\/i><\/span>\n\t\t\t\t\t\t\t\t<span class=\"elementor-toggle-icon-opened\"><i class=\"elementor-toggle-icon-opened fas fa-caret-up\"><\/i><\/span>\n\t\t\t\t\t\t\t\t\t\t\t\t\t<\/span>\n\t\t\t\t\t\t\t\t\t\t\t\t<a href=\"\" class=\"elementor-toggle-title\"> #1<\/a>\n\t\t\t\t\t<\/div>\n\n\t\t\t\t\t<div id=\"elementor-tab-content-2211\" class=\"elementor-tab-content elementor-clearfix\" data-tab=\"1\" role=\"tabpanel\" aria-labelledby=\"elementor-tab-title-2211\"><p><span style=\"color: var( --e-global-color-text ); font-family: Roboto, arial, sans-serif; font-size: inherit; font-weight: var( --e-global-typography-text-font-weight ); text-align: inherit;\">Conservarea, protec\u021bia \u0219i valorificarea durabil\u0103 \u0219i competitiv\u0103 a obiectivelor de patrimoniu cultural \u0219i istoric, inclusiv asigurarea \u0219i\/sau \u00eembun\u0103t\u0103\u021birea accesului c\u0103tre acestea, atat in mediul urban, cat si in mediul rural;<\/span><\/p><\/div>\n\t\t\t\t<\/div>\n\t\t\t\t\t\t\t<div class=\"elementor-toggle-item\">\n\t\t\t\t\t<div id=\"elementor-tab-title-2212\" class=\"elementor-tab-title\" data-tab=\"2\" role=\"tab\" aria-controls=\"elementor-tab-content-2212\" aria-expanded=\"false\">\n\t\t\t\t\t\t\t\t\t\t\t\t<span class=\"elementor-toggle-icon elementor-toggle-icon-left\" aria-hidden=\"true\">\n\t\t\t\t\t\t\t\t\t\t\t\t\t\t\t<span class=\"elementor-toggle-icon-closed\"><i class=\"fas fa-caret-right\"><\/i><\/span>\n\t\t\t\t\t\t\t\t<span class=\"elementor-toggle-icon-opened\"><i class=\"elementor-toggle-icon-opened fas fa-caret-up\"><\/i><\/span>\n\t\t\t\t\t\t\t\t\t\t\t\t\t<\/span>\n\t\t\t\t\t\t\t\t\t\t\t\t<a href=\"\" class=\"elementor-toggle-title\">#2<\/a>\n\t\t\t\t\t<\/div>\n\n\t\t\t\t\t<div id=\"elementor-tab-content-2212\" class=\"elementor-tab-content elementor-clearfix\" data-tab=\"2\" role=\"tabpanel\" aria-labelledby=\"elementor-tab-title-2212\"><p><span style=\"color: var( --e-global-color-text ); font-family: Roboto, arial, sans-serif; font-size: inherit; font-weight: var( --e-global-typography-text-font-weight ); text-align: inherit;\">\u00cembun\u0103t\u0103\u021birea infrastructurii de turism, \u00een special \u00een zone care dispun de un poten\u021bial turistic valoros, inclusiv \u00eembun\u0103t\u0103\u021birea accesului c\u0103tre resursele \u0219i obiectivele turistice, atat in mediul urban, cat si in mediul rural;<\/span><\/p><\/div>\n\t\t\t\t<\/div>\n\t\t\t\t\t\t\t<div class=\"elementor-toggle-item\">\n\t\t\t\t\t<div id=\"elementor-tab-title-2213\" class=\"elementor-tab-title\" data-tab=\"3\" role=\"tab\" aria-controls=\"elementor-tab-content-2213\" aria-expanded=\"false\">\n\t\t\t\t\t\t\t\t\t\t\t\t<span class=\"elementor-toggle-icon elementor-toggle-icon-left\" aria-hidden=\"true\">\n\t\t\t\t\t\t\t\t\t\t\t\t\t\t\t<span class=\"elementor-toggle-icon-closed\"><i class=\"fas fa-caret-right\"><\/i><\/span>\n\t\t\t\t\t\t\t\t<span class=\"elementor-toggle-icon-opened\"><i class=\"elementor-toggle-icon-opened fas fa-caret-up\"><\/i><\/span>\n\t\t\t\t\t\t\t\t\t\t\t\t\t<\/span>\n\t\t\t\t\t\t\t\t\t\t\t\t<a href=\"\" class=\"elementor-toggle-title\">#3<\/a>\n\t\t\t\t\t<\/div>\n\n\t\t\t\t\t<div id=\"elementor-tab-content-2213\" class=\"elementor-tab-content elementor-clearfix\" data-tab=\"3\" role=\"tabpanel\" aria-labelledby=\"elementor-tab-title-2213\"><p><span style=\"font-family: Roboto, arial, sans-serif; font-size: inherit; text-align: inherit; color: var( --e-global-color-text ); font-weight: var( --e-global-typography-text-font-weight );\">Dezvoltarea infrastructurii pentru turismul balnear \u0219i balneoclimatic, inclusiv \u00eembun\u0103t\u0103\u021birea accesului c\u0103tre resursele \u0219i obiectivele turistice, atat in mediul urban, cat si in mediul rural;<\/span><\/p>\n<p>\u00a0<\/p><\/div>\n\t\t\t\t<\/div>\n\t\t\t\t\t\t\t<div class=\"elementor-toggle-item\">\n\t\t\t\t\t<div id=\"elementor-tab-title-2214\" class=\"elementor-tab-title\" data-tab=\"4\" role=\"tab\" aria-controls=\"elementor-tab-content-2214\" aria-expanded=\"false\">\n\t\t\t\t\t\t\t\t\t\t\t\t<span class=\"elementor-toggle-icon elementor-toggle-icon-left\" aria-hidden=\"true\">\n\t\t\t\t\t\t\t\t\t\t\t\t\t\t\t<span class=\"elementor-toggle-icon-closed\"><i class=\"fas fa-caret-right\"><\/i><\/span>\n\t\t\t\t\t\t\t\t<span class=\"elementor-toggle-icon-opened\"><i class=\"elementor-toggle-icon-opened fas fa-caret-up\"><\/i><\/span>\n\t\t\t\t\t\t\t\t\t\t\t\t\t<\/span>\n\t\t\t\t\t\t\t\t\t\t\t\t<a href=\"\" class=\"elementor-toggle-title\">#4<\/a>\n\t\t\t\t\t<\/div>\n\n\t\t\t\t\t<div id=\"elementor-tab-content-2214\" class=\"elementor-tab-content elementor-clearfix\" data-tab=\"4\" role=\"tabpanel\" aria-labelledby=\"elementor-tab-title-2214\"><p><span style=\"font-family: Roboto, arial, sans-serif; font-size: inherit; text-align: inherit; color: var( --e-global-color-text ); font-weight: var( --e-global-typography-text-font-weight );\">Regenerare urban\u0103 \u0219i securitatea spa\u021biilor publice in mediul urban;<\/span><\/p>\n<p><a href=\"https:\/\/www.nord-vest.ro\/wp-content\/uploads\/2020\/09\/Ordin_3721_privind_modificarea_unor_ordine_aplicabile_POR_site.pdf\"><span style=\"font-family: Roboto, arial, sans-serif;\"><b>Descarc\u0103 Ghid<\/b><\/span><\/a><\/p><\/div>\n\t\t\t\t<\/div>\n\t\t\t\t\t\t\t\t<\/div>\n\t\t\t\t<\/div>\n\t\t\t\t<\/div>\n\t\t\t\t\t<\/div>\n\t\t<\/div>\n\t\t\t\t\t\t\t<\/div>\n\t\t<\/section>\n\t\t\t\t<section class=\"elementor-section elementor-top-section elementor-element elementor-element-c9ea4ac elementor-section-boxed elementor-section-height-default elementor-section-height-default\" data-id=\"c9ea4ac\" data-element_type=\"section\">\n\t\t\t\t\t\t<div class=\"elementor-container elementor-column-gap-default\">\n\t\t\t\t\t<div class=\"elementor-column elementor-col-100 elementor-top-column elementor-element elementor-element-88b0d1e\" data-id=\"88b0d1e\" data-element_type=\"column\">\n\t\t\t<div class=\"elementor-widget-wrap elementor-element-populated\">\n\t\t\t\t\t\t\t\t<div class=\"elementor-element elementor-element-300feea elementor-aspect-ratio-169 elementor-widget elementor-widget-video\" data-id=\"300feea\" data-element_type=\"widget\" data-settings=\"{&quot;youtube_url&quot;:&quot;https:\\\/\\\/youtu.be\\\/zIPPaDA5oZg&quot;,&quot;video_type&quot;:&quot;youtube&quot;,&quot;controls&quot;:&quot;yes&quot;,&quot;aspect_ratio&quot;:&quot;169&quot;}\" data-widget_type=\"video.default\">\n\t\t\t\t<div class=\"elementor-widget-container\">\n\t\t\t<style>\/*! elementor - v3.7.2 - 21-08-2022 *\/\n.elementor-widget-video .elementor-widget-container{overflow:hidden;-webkit-transform:translateZ(0);transform:translateZ(0)}.elementor-widget-video .elementor-open-inline .elementor-custom-embed-image-overlay{position:absolute;top:0;left:0;width:100%;height:100%;background-size:cover;background-position:50%}.elementor-widget-video .elementor-custom-embed-image-overlay{cursor:pointer;text-align:center}.elementor-widget-video .elementor-custom-embed-image-overlay:hover .elementor-custom-embed-play i{opacity:1}.elementor-widget-video .elementor-custom-embed-image-overlay img{display:block;width:100%}.elementor-widget-video .e-hosted-video .elementor-video{-o-object-fit:cover;object-fit:cover}.e-container>.elementor-widget-video{width:var(--container-widget-width,100%)}<\/style>\t\t<div class=\"elementor-wrapper elementor-fit-aspect-ratio elementor-open-inline\">\n\t\t\t<div class=\"elementor-video\"><\/div>\t\t<\/div>\n\t\t\t\t<\/div>\n\t\t\t\t<\/div>\n\t\t\t\t\t<\/div>\n\t\t<\/div>\n\t\t\t\t\t\t\t<\/div>\n\t\t<\/section>\n\t\t\t\t\t\t\t<\/div>\n\t\t","protected":false},"excerpt":{"rendered":"<p>Obiectivul de politic\u0103 5: O Europ\u0103 mai aproape de cet\u0103\u021beni Obiectivele specifice: &nbsp; e (i) promovarea dezvolt\u0103rii integrate \u0219i incluzive \u00een domeniul social, economic \u0219i al mediului, precum&nbsp; &nbsp; &nbsp;\u0219i a culturii, a patrimoniului natural, a turismului durabil \u0219i a securit\u0103\u021bii \u00een zonele urbane; &nbsp; e (ii) promovarea dezvolt\u0103rii locale integrate \u0219i incluzive \u00een domeniul [&hellip;]<\/p>\n","protected":false},"author":1,"featured_media":0,"parent":0,"menu_order":0,"comment_status":"closed","ping_status":"closed","template":"templates\/template-full-width.php","meta":{"beyondwords_generate_audio":"0","beyondwords_project_id":"","beyondwords_podcast_id":"","beyondwords_hash":"","beyondwords_error_message":"","beyondwords_disabled":"","publish_post_to_speechkit":"","speechkit_generate_audio":"","speechkit_project_id":"","speechkit_podcast_id":"","speechkit_hash":"","speechkit_error_message":"","speechkit_disabled":"","speechkit_access_key":"","speechkit_error":"","speechkit_info":"","speechkit_response":"","speechkit_retries":"","speechkit_status":"","_speechkit_disable_generate_audio":"","_speechkit_link":"","_speechkit_text":""},"_links":{"self":[{"href":"https:\/\/old.regionordvest.ro\/index.php?rest_route=\/wp\/v2\/pages\/69"}],"collection":[{"href":"https:\/\/old.regionordvest.ro\/index.php?rest_route=\/wp\/v2\/pages"}],"about":[{"href":"https:\/\/old.regionordvest.ro\/index.php?rest_route=\/wp\/v2\/types\/page"}],"author":[{"embeddable":true,"href":"https:\/\/old.regionordvest.ro\/index.php?rest_route=\/wp\/v2\/users\/1"}],"replies":[{"embeddable":true,"href":"https:\/\/old.regionordvest.ro\/index.php?rest_route=%2Fwp%2Fv2%2Fcomments&post=69"}],"version-history":[{"count":45,"href":"https:\/\/old.regionordvest.ro\/index.php?rest_route=\/wp\/v2\/pages\/69\/revisions"}],"predecessor-version":[{"id":602,"href":"https:\/\/old.regionordvest.ro\/index.php?rest_route=\/wp\/v2\/pages\/69\/revisions\/602"}],"wp:attachment":[{"href":"https:\/\/old.regionordvest.ro\/index.php?rest_route=%2Fwp%2Fv2%2Fmedia&parent=69"}],"curies":[{"name":"wp","href":"https:\/\/api.w.org\/{rel}","templated":true}]}}