{"id":70,"date":"2022-02-08T08:38:23","date_gmt":"2022-02-08T08:38:23","guid":{"rendered":"https:\/\/regionordvest.ro\/?page_id=70"},"modified":"2022-08-24T09:49:45","modified_gmt":"2022-08-24T06:49:45","slug":"prioritatea-8","status":"publish","type":"page","link":"https:\/\/old.regionordvest.ro\/?page_id=70","title":{"rendered":"Asisten\u021b\u0103 Tehnic\u0103"},"content":{"rendered":"\n<figure class=\"wp-block-image size-large\"><img loading=\"lazy\" width=\"1024\" height=\"347\" src=\"https:\/\/regionordvest.ro\/wp-content\/uploads\/2022\/08\/Prioritatea-8-1024x347.png\" alt=\"\" class=\"wp-image-488\" srcset=\"https:\/\/old.regionordvest.ro\/wp-content\/uploads\/2022\/08\/Prioritatea-8-1024x347.png 1024w, https:\/\/old.regionordvest.ro\/wp-content\/uploads\/2022\/08\/Prioritatea-8-300x102.png 300w, https:\/\/old.regionordvest.ro\/wp-content\/uploads\/2022\/08\/Prioritatea-8-768x260.png 768w, https:\/\/old.regionordvest.ro\/wp-content\/uploads\/2022\/08\/Prioritatea-8-1536x520.png 1536w, https:\/\/old.regionordvest.ro\/wp-content\/uploads\/2022\/08\/Prioritatea-8-1200x406.png 1200w, https:\/\/old.regionordvest.ro\/wp-content\/uploads\/2022\/08\/Prioritatea-8.png 1662w\" sizes=\"(max-width: 1024px) 100vw, 1024px\" \/><\/figure>\n\n\n\n<p><strong>Asisten\u021b\u0103 tehnic\u0103<\/strong><\/p>\n\n\n\n<p>Alocarea financiar\u0103 (FEDR): <strong>51.395.111,00 EUR<\/strong><\/p>\n\n\n\n<p>Activit\u0103\u021bile preconizate:<\/p>\n\n\n\n<ul><li>Asigurarea sprijinului necesar pentru preg\u0103tirea, implementarea, monitorizarea \u0219i controlul Programul Regional Nord-Vest (PR NV);<\/li><li>Cre\u0219terea capacit\u0103\u021bii administrative a beneficiarilor Programul Regional Nord-Vest;<\/li><li>Elaborarea de evalu\u0103ri, studii \u0219i analize specifice Programul Regional Nord-Vest, Planului de Dezvoltare Regional\u0103 Nord-Vest, Strategia de specializare inteligent\u0103 &#8211; Regiunea de Dezvoltare Nord-Vest (RIS3 NV);<\/li><li>Sprijinirea activit\u0103\u021bilor de informare \u0219i comunicare specifice Programul Regional Nord-Vest.<\/li><\/ul>\n","protected":false},"excerpt":{"rendered":"<p>Asisten\u021b\u0103 tehnic\u0103 Alocarea financiar\u0103 (FEDR): 51.395.111,00 EUR Activit\u0103\u021bile preconizate: Asigurarea sprijinului necesar pentru preg\u0103tirea, implementarea, monitorizarea \u0219i controlul Programul Regional Nord-Vest (PR NV); Cre\u0219terea capacit\u0103\u021bii administrative a beneficiarilor Programul Regional Nord-Vest; Elaborarea de evalu\u0103ri, studii \u0219i analize specifice Programul Regional Nord-Vest, Planului de Dezvoltare Regional\u0103 Nord-Vest, Strategia de specializare inteligent\u0103 &#8211; Regiunea de Dezvoltare Nord-Vest [&hellip;]<\/p>\n","protected":false},"author":1,"featured_media":0,"parent":0,"menu_order":0,"comment_status":"closed","ping_status":"closed","template":"templates\/template-full-width.php","meta":{"beyondwords_generate_audio":"0","beyondwords_project_id":"","beyondwords_podcast_id":"","beyondwords_hash":"","beyondwords_error_message":"","beyondwords_disabled":"","publish_post_to_speechkit":"","speechkit_generate_audio":"","speechkit_project_id":"","speechkit_podcast_id":"","speechkit_hash":"","speechkit_error_message":"","speechkit_disabled":"","speechkit_access_key":"","speechkit_error":"","speechkit_info":"","speechkit_response":"","speechkit_retries":"","speechkit_status":"","_speechkit_disable_generate_audio":"","_speechkit_link":"","_speechkit_text":""},"_links":{"self":[{"href":"https:\/\/old.regionordvest.ro\/index.php?rest_route=\/wp\/v2\/pages\/70"}],"collection":[{"href":"https:\/\/old.regionordvest.ro\/index.php?rest_route=\/wp\/v2\/pages"}],"about":[{"href":"https:\/\/old.regionordvest.ro\/index.php?rest_route=\/wp\/v2\/types\/page"}],"author":[{"embeddable":true,"href":"https:\/\/old.regionordvest.ro\/index.php?rest_route=\/wp\/v2\/users\/1"}],"replies":[{"embeddable":true,"href":"https:\/\/old.regionordvest.ro\/index.php?rest_route=%2Fwp%2Fv2%2Fcomments&post=70"}],"version-history":[{"count":7,"href":"https:\/\/old.regionordvest.ro\/index.php?rest_route=\/wp\/v2\/pages\/70\/revisions"}],"predecessor-version":[{"id":491,"href":"https:\/\/old.regionordvest.ro\/index.php?rest_route=\/wp\/v2\/pages\/70\/revisions\/491"}],"wp:attachment":[{"href":"https:\/\/old.regionordvest.ro\/index.php?rest_route=%2Fwp%2Fv2%2Fmedia&parent=70"}],"curies":[{"name":"wp","href":"https:\/\/api.w.org\/{rel}","templated":true}]}}