{"id":9,"date":"2022-02-08T08:08:00","date_gmt":"2022-02-08T08:08:00","guid":{"rendered":"https:\/\/regionordvest.ro\/?page_id=9"},"modified":"2022-08-25T16:47:08","modified_gmt":"2022-08-25T13:47:08","slug":"the-new-umoma-opens-its-doors-2","status":"publish","type":"page","link":"https:\/\/old.regionordvest.ro\/","title":{"rendered":""},"content":{"rendered":"<div data-beyondwords-player=\"true\" contenteditable=\"false\"><\/div>\n<figure class=\"wp-block-image is-resized\"><a href=\"https:\/\/regionordvest.ro\/?page_id=12\" target=\"_blank\" rel=\"noopener\"><img loading=\"lazy\" src=\"https:\/\/regionordvest.ro\/wp-content\/plugins\/rss-feed-icon\/inc\/img\/icons\/5.png\" alt=\"RSS Feed\" width=\"48\" height=\"52\"\/><\/a><figcaption>RSS Feed<\/figcaption><\/figure>\n\n\n\n<div class=\"wp-container-1 is-content-justification-left wp-block-buttons alignfull\">\n<div class=\"wp-block-button is-style-fill\"><a class=\"wp-block-button__link has-background\" href=\"https:\/\/regionordvest.ro\/?page_id=445\" style=\"background-color:#c20000\" target=\"_blank\" rel=\"noreferrer noopener\">Alert\u0103 nereguli<\/a><\/div>\n<\/div>\n\n\n\n<div class=\"wp-container-2 wp-block-group alignwide\"><div class=\"wp-block-group__inner-container\">\n<p class=\"has-text-color\" style=\"color:#08529c\"><strong>Agen\u021bia de Dezvoltare Regional\u0103 Nord-Vest <strong>(ADR Nord-Vest) <\/strong>\u00eendepline\u0219te func\u021bia de Autoritate de Management pentru Programul Regional Nord-Vest <strong>(PR Nord-Vest) <\/strong>2021-2027.<\/strong><\/p>\n\n\n\n<p class=\"has-text-color\" style=\"color:#08519f\">\u00cen aceast\u0103 calitate,&nbsp;<strong>ADR Nord-Vest a elaborat documentul strategic PR Nord-Vest 2021-2027<\/strong>&nbsp;prin care va sus\u021bine implementarea proiectelor de dezvoltare a regiunii prin finan\u021b\u0103ri din Fondul European pentru Dezvoltare Regional\u0103 (FEDR) \u0219i de la bugetul de stat, adres\u00e2ndu-se at\u00e2t autorit\u0103\u021bilor publice, c\u00e2t \u0219i mediului privat, \u00een vederea cre\u0219terii calit\u0103\u021bii vie\u021bii \u00een regiune.<\/p>\n\n\n\n<p class=\"has-text-color\" style=\"color:#08519f\">Programul Regional Nord-Vest 2021-2027 are propus\u0103 o alocare UE de aproximativ 1,194 miliarde euro, iar cofinan\u021barea na\u021bional\u0103 va fi de aproximativ 242,67 milioane euro. Programul \u00ee\u0219i propune stimularea inov\u0103rii, cre\u0219terea inteligent\u0103 \u0219i sustenabil\u0103 a economiei \u00een vederea diminu\u0103rii disparit\u0103\u021bilor \u0219i cre\u0219terii standardului de via\u021b\u0103 prin valorificarea diversita\u0163ii locale.<\/p>\n\n\n\n<p class=\"has-text-color\" style=\"color:#08519f\">Programul Regional Nord-Vest 2021-2027, realizat de c\u0103tre Agen\u021bia de Dezvoltare Regional\u0103 Nord-Vest, a fost avizat de c\u0103tre Guvernul Rom\u00e2niei \u00een cadrul \u0219edin\u021bei de joi, 26 mai 2022, iar ulterior a fost transmis Comisiei Europene pentru verificare \u0219i aprobare.<\/p>\n<\/div><\/div>\n\n\n\n<div class=\"wp-container-9 wp-block-columns alignwide\">\n<div class=\"wp-container-5 wp-block-column\">\n<div class=\"wp-container-3 wp-block-group\"><div class=\"wp-block-group__inner-container\">\n<figure class=\"wp-block-image alignfull size-full is-style-default\"><img loading=\"lazy\" width=\"991\" height=\"661\" src=\"https:\/\/regionordvest.ro\/wp-content\/uploads\/2022\/07\/RO-UE.jpg\" alt=\"\" class=\"wp-image-423\" srcset=\"https:\/\/old.regionordvest.ro\/wp-content\/uploads\/2022\/07\/RO-UE.jpg 991w, https:\/\/old.regionordvest.ro\/wp-content\/uploads\/2022\/07\/RO-UE-300x200.jpg 300w, https:\/\/old.regionordvest.ro\/wp-content\/uploads\/2022\/07\/RO-UE-768x512.jpg 768w\" sizes=\"(max-width: 991px) 100vw, 991px\" \/><\/figure>\n\n\n\n<h6 id=\"apel-de-preselec\u021bie-a-propunerilor-de-proiecte-sacet\"><strong><a rel=\"noreferrer noopener\" href=\"https:\/\/www.nord-vest.ro\/comisia-europeana-a-aprobat-acordul-de-parteneriat-cu-romania-documentul-strategic-prin-care-sunt-reglementate-obiectivele-si-alocarea-fondurilor-europene-pentru-tara-noastra-in-perioada-2021-2027\/\" target=\"_blank\">COMISIA EUROPEAN\u0102 A APROBAT ACORDUL DE PARTENERIAT CU ROM\u00c2NIA, DOCUMENTUL STRATEGIC PRIN CARE SUNT REGLEMENTATE OBIECTIVELE \u0218I ALOCAREA FONDURILOR EUROPENE PENTRU \u021aARA NOASTR\u0102 \u00ceN PERIOADA 2021-2027.<\/a><\/strong><\/h6>\n\n\n\n<p>Mai multe informa\u021bii despre obiectivele asumate prin fiecare program, precum \u0219i despre bugetele repartizate pe priorit\u0103\u021bi de investi\u021bii, sunt disponibile <a rel=\"noreferrer noopener\" href=\"https:\/\/bit.ly\/3PRrZiD\" target=\"_blank\"><strong>aici<\/strong><\/a> <\/p>\n\n\n\n<div class=\"wp-block-button is-style-fill\"><a class=\"wp-block-button__link\" href=\"https:\/\/www.nord-vest.ro\/comisia-europeana-a-aprobat-acordul-de-parteneriat-cu-romania-documentul-strategic-prin-care-sunt-reglementate-obiectivele-si-alocarea-fondurilor-europene-pentru-tara-noastra-in-perioada-2021-2027\/\" target=\"_blank\" rel=\"noreferrer noopener\">Read More<\/a><\/div>\n<\/div><\/div>\n\n\n\n<div class=\"wp-container-4 wp-block-group\"><div class=\"wp-block-group__inner-container\">\n<figure class=\"wp-block-image alignfull size-full\"><img loading=\"lazy\" width=\"961\" height=\"601\" src=\"https:\/\/regionordvest.ro\/wp-content\/uploads\/2022\/02\/Specializare-Inteligenta.png\" alt=\"\" class=\"wp-image-239\" srcset=\"https:\/\/old.regionordvest.ro\/wp-content\/uploads\/2022\/02\/Specializare-Inteligenta.png 961w, https:\/\/old.regionordvest.ro\/wp-content\/uploads\/2022\/02\/Specializare-Inteligenta-300x188.png 300w, https:\/\/old.regionordvest.ro\/wp-content\/uploads\/2022\/02\/Specializare-Inteligenta-768x480.png 768w\" sizes=\"(max-width: 961px) 100vw, 961px\" \/><\/figure>\n\n\n\n<h3 id=\"specializarea-inteligenta\"><a href=\"https:\/\/www.nord-vest.ro\/wp-content\/uploads\/2021\/10\/RIS3NV-2021-2027-versiunea-septembrie-2021-1.pdf\" target=\"_blank\" rel=\"noreferrer noopener\">SPECIALIZAREA INTELIGENT\u0102<\/a><\/h3>\n\n\n\n<p>Strategia de Specializare Inteligent\u0103 a Regiunii de Dezvoltare Nord-Vest pentru perioada 2021-2027<\/p>\n\n\n\n<div class=\"wp-block-button is-style-fill\"><a class=\"wp-block-button__link\" href=\"https:\/\/www.nord-vest.ro\/specializare-inteligenta\/\" target=\"_blank\" rel=\"noreferrer noopener\">Read More<\/a><\/div>\n<\/div><\/div>\n<\/div>\n\n\n\n<div class=\"wp-container-8 wp-block-column\">\n<div class=\"wp-container-6 wp-block-group\"><div class=\"wp-block-group__inner-container\">\n<figure class=\"wp-block-image alignfull size-full\"><img loading=\"lazy\" width=\"961\" height=\"601\" src=\"https:\/\/regionordvest.ro\/wp-content\/uploads\/2022\/02\/Digi-Rural.png\" alt=\"\" class=\"wp-image-230\" srcset=\"https:\/\/old.regionordvest.ro\/wp-content\/uploads\/2022\/02\/Digi-Rural.png 961w, https:\/\/old.regionordvest.ro\/wp-content\/uploads\/2022\/02\/Digi-Rural-300x188.png 300w, https:\/\/old.regionordvest.ro\/wp-content\/uploads\/2022\/02\/Digi-Rural-768x480.png 768w\" sizes=\"(max-width: 961px) 100vw, 961px\" \/><\/figure>\n\n\n\n<h6><strong><a href=\"https:\/\/www.nord-vest.ro\/programul-regional-nord-vest-2021-2027-aprobat-de-guvernul-romaniei-si-transmis-comisiei-europene-pentru-verificare-si-aprobare\/\" data-type=\"URL\" data-id=\"https:\/\/www.nord-vest.ro\/programul-regional-nord-vest-2021-2027-aprobat-de-guvernul-romaniei-si-transmis-comisiei-europene-pentru-verificare-si-aprobare\/\" target=\"_blank\" rel=\"noreferrer noopener\">PROGRAMUL REGIONAL NORD-VEST 2021-2027, APROBAT DE GUVERNUL ROM\u00c2NIEI \u0218I TRANSMIS COMISIEI EUROPENE PENTRU VERIFICARE \u0218I APROBARE<\/a><\/strong><\/h6>\n\n\n\n<p>Programul Regional Nord-Vest 2021-2027 are propus\u0103 o alocare UE de aproximativ 1,194 miliarde euro, iar cofinan\u021barea na\u021bional\u0103 va fi de aproximativ 242,67 milioane euro.  Programul \u00ee\u0219i propune stimularea inov\u0103rii, cre\u0219terea inteligent\u0103 \u0219i sustenabil\u0103 a economiei.<\/p>\n\n\n\n<div class=\"wp-block-button is-style-fill\"><a class=\"wp-block-button__link\" href=\"https:\/\/www.nord-vest.ro\/programul-operational-regional-nord-vest-2021-2027-aprobat-de-guvernul-romaniei-si-transmis-comisiei-europene-pentru-verificare-si-aprobare\/\" target=\"_blank\" rel=\"noreferrer noopener\">Read More<\/a><\/div>\n<\/div><\/div>\n\n\n\n<div class=\"wp-container-7 wp-block-group\"><div class=\"wp-block-group__inner-container\">\n<figure class=\"wp-block-image alignfull size-full\"><img loading=\"lazy\" width=\"961\" height=\"601\" src=\"https:\/\/regionordvest.ro\/wp-content\/uploads\/2022\/02\/Mobilitate-urbana-durabila.png\" alt=\"\" class=\"wp-image-241\" srcset=\"https:\/\/old.regionordvest.ro\/wp-content\/uploads\/2022\/02\/Mobilitate-urbana-durabila.png 961w, https:\/\/old.regionordvest.ro\/wp-content\/uploads\/2022\/02\/Mobilitate-urbana-durabila-300x188.png 300w, https:\/\/old.regionordvest.ro\/wp-content\/uploads\/2022\/02\/Mobilitate-urbana-durabila-768x480.png 768w\" sizes=\"(max-width: 961px) 100vw, 961px\" \/><\/figure>\n\n\n\n<h5 id=\"strategia-regionala-de-mobilitate-urbana-durabila-\u0219i-ora\u0219e-inteligente\"><a href=\"https:\/\/www.nord-vest.ro\/wp-content\/uploads\/2020\/10\/Strategia-Regionala-de-Mobilitate-Urbana-si-Orase-Inteligente.pdf\" target=\"_blank\" rel=\"noreferrer noopener\">STRATEGIA REGIONAL\u0102 DE MOBILITATE URBAN\u0102 DURABIL\u0102 \u0218I ORA\u0218E INTELIGENTE<\/a><\/h5>\n\n\n\n<p>ADR Nord-Vest a realizat Strategia Regional\u0103 de Mobilitate Urban\u0103 Durabil\u0103 \u0219i Ora\u0219e Inteligente a Regiunii de Dezvoltare Nord-Vest 2021-2027.<\/p>\n\n\n\n<div class=\"wp-block-button is-style-fill\"><a class=\"wp-block-button__link\" href=\"https:\/\/www.nord-vest.ro\/strategia-regionala-de-mobilitate-urbana-durabila-si-orase-inteligente-a-regiunii-de-dezvoltare-nord-vest-2021-2027\/\" target=\"_blank\" rel=\"noreferrer noopener\">Read More<\/a><\/div>\n<\/div><\/div>\n<\/div>\n<\/div>\n\n\n\n<div class=\"wp-container-11 wp-block-group alignwide has-background\" style=\"background-color:#ffffff\"><div class=\"wp-block-group__inner-container\">\n<div class=\"wp-container-10 wp-block-group\"><div class=\"wp-block-group__inner-container\">\n<h4 class=\"has-text-align-center has-text-color\" id=\"versiunea-curenta-a-por-nord-vest-2021-2027-poate-fi-descarcata-cu-un-click-pe-butonul-de-mai-jos\" style=\"color:#08519f\"><strong>Versiunea <strong>avizat\u0103 de Guvernul Rom\u00e2niei<\/strong><\/strong> <strong>a <strong>Programului Regional Nord-Vest 2021-2027<\/strong>  poate fi desc\u0103rcat\u0103 cu un click pe butonul de mai jos<\/strong>!<\/h4>\n\n\n\n<div class=\"wp-block-button aligncenter\"><a class=\"wp-block-button__link\" href=\"https:\/\/www.nord-vest.ro\/wp-content\/uploads\/2022\/05\/POR-NV-2021_2027.pdf\" target=\"_blank\" rel=\"noreferrer noopener\">PR Nord-Vest 2021-2027<\/a><\/div>\n\n\n\n<p class=\"has-text-color\" style=\"color:#08519f\"><strong>Principalele priorit\u0103\u021bi de interven\u021bie&nbsp;<\/strong>\u0219i anvelopa financiar\u0103 prev\u0103zute vizeaz\u0103 urm\u0103toarele domenii:<\/p>\n\n\n\n<p class=\"has-text-color\" style=\"color:#08519f\"><br>\u2022 Prioritatea 1 :&nbsp;<strong>O regiune competitiv\u0103 prin inovare, digitalizare \u0219i \u00eentreprinderi dinamice<\/strong>&nbsp;<br>\u2022 Prioritatea 2 :&nbsp;<strong>O regiune cu localit\u0103\u021bi smart&nbsp;<\/strong><br>\u2022 Prioritatea 3 :&nbsp;<strong>O regiune cu localit\u0103\u021bi prietenoase cu mediul&nbsp;<\/strong><br>\u2022 Prioritatea 4 :<strong>&nbsp;O regiune cu mobilitate urban\u0103 multimodal\u0103 sustenabil\u0103<\/strong>&nbsp;<br>\u2022 Prioritatea 5 :&nbsp;<strong>O regiune accesibil\u0103<\/strong>&nbsp;<br>\u2022 Prioritatea 6 :&nbsp;<strong>O regiune educat\u0103&nbsp;<\/strong><br>\u2022 Prioritatea 7 :&nbsp;<strong>O regiune atractiv\u0103<\/strong>&nbsp;<br>\u2022 Asisten\u021b\u0103 tehnic\u0103 <\/p>\n<\/div><\/div>\n<\/div><\/div>\n\n\n\n<figure class=\"wp-block-image alignfull size-large\"><img loading=\"lazy\" width=\"1024\" height=\"392\" src=\"https:\/\/regionordvest.ro\/wp-content\/uploads\/2022\/02\/Chenar-Regio-1024x392.png\" alt=\"\" class=\"wp-image-254\" srcset=\"https:\/\/old.regionordvest.ro\/wp-content\/uploads\/2022\/02\/Chenar-Regio-1024x392.png 1024w, https:\/\/old.regionordvest.ro\/wp-content\/uploads\/2022\/02\/Chenar-Regio-300x115.png 300w, https:\/\/old.regionordvest.ro\/wp-content\/uploads\/2022\/02\/Chenar-Regio-768x294.png 768w, https:\/\/old.regionordvest.ro\/wp-content\/uploads\/2022\/02\/Chenar-Regio-1536x588.png 1536w, https:\/\/old.regionordvest.ro\/wp-content\/uploads\/2022\/02\/Chenar-Regio-2048x784.png 2048w, https:\/\/old.regionordvest.ro\/wp-content\/uploads\/2022\/02\/Chenar-Regio-1200x459.png 1200w, https:\/\/old.regionordvest.ro\/wp-content\/uploads\/2022\/02\/Chenar-Regio-1980x757.png 1980w\" sizes=\"(max-width: 1024px) 100vw, 1024px\" \/><\/figure>\n\n\n\n<div class=\"wp-container-12 wp-block-group alignwide\"><div class=\"wp-block-group__inner-container\">\n<h2 class=\"has-text-align-center has-text-color\" id=\"agentia-de-dezvoltare-regionala-nord-vest\" style=\"color:#08519f\">Agen\u0163ia de Dezvoltare Regional\u0103 Nord-Vest<\/h2>\n<\/div><\/div>\n\n\n\n<p class=\"has-drop-cap has-text-color\" style=\"color:#08519f\">Agen\u0163ia de Dezvoltare Regional\u0103 Nord-Vest (ADR Nord-Vest)  este o organiza\u0163ie regional\u0103 de sine st\u0103t\u0103toare, \u00eenfiin\u0163at\u0103 \u00een conformitate cu Legea 151\/1998 (legea dezvolt\u0103rii regionale, abrogat\u0103 ulterior de Legea 315\/2004), prin Hot\u0103r\u00e2rea nr. 4\/16.12.1998 a Consiliului pentru Dezvoltare Regional\u0103 al Regiunii de Dezvoltare Nord-Vest, ca organism de utilitate public\u0103, cu personalitate juridic\u0103, ce ac\u0163ioneaz\u0103 \u00een domenii specifice dezvolt\u0103rii regionale.<\/p>\n\n\n\n<p class=\"has-text-color\" style=\"color:#08519f\">Agen\u0163ia de Dezvoltare Regional\u0103 Nord-Vest este coordonatorul \u015fi editorul a cinci Planuri de Dezvoltare Regional\u0103 (PDR), elaborate \u00een parteneriat cu Comitetul de Planificare Regional\u0103: PDR 2000-2002, PDR 2004-2006, PDR 2007-2013, PDR 2014-2020 \u0219i PDR 2021-2027.<\/p>\n\n\n\n<p class=\"has-text-color\" style=\"color:#08519f\">\u00cen ceea ce prive\u015fte programele regionale, ADR Nord-Vest a fost autoritate de implementare a fondurilor de pre-aderare, \u00een cadrul Programelor Phare CES \u015fi guvernamentale, \u00een perioada 1999-2009.<\/p>\n\n\n\n<p class=\"has-text-color\" style=\"color:#08519f\">Pentru perioadele de programare 2007-2013 \u0219i 2014-2020, ADR Nord-Vest a \u00eendeplinit rolul de Organism Intermediar pentru Programul Opera\u0163ional Regional POR \u2013 REGIO, cofinan\u0163at din fondurile structurale; Autoritatea de Management pentru POR 2007-2013 \u0219i POR 2014-2020 a fost Ministerul Dezvolt\u0103rii, Lucr\u0103rilor Publice \u015fi Administra\u0163iei (MDLPA).<\/p>\n\n\n\n<p class=\"has-text-color\" style=\"color:#08519f\">\u00cen luna martie 2013, Ministerul Economiei (\u00een calitatea sa de Autoritate de Management a Programului Opera\u0163ional Sectorial Cre\u015fterea Competitivit\u0103\u0163ii Economice \u2013 POS CCE) \u015fi ADR Nord-Vest au semnat un acord prin care cel dint\u00e2i a delegat un num\u0103r de atribu\u0163ii Organismului Intermediar POSCCE stabilit \u00een cadrul ADR Nord-Vest, atribu\u0163ii care vizeaz\u0103 implementarea Axei Prioritare 1 \u2013 Un sistem de produc\u0163ie inovativ \u015fi eco-eficient \u015fi, ulterior, din 2014, a Axei Prioritar\u0103 3 \u2013 Opera\u0163iunea 3.1.1 ,,Sprijinirea accesului la Internet \u015fi la serviciile conexe\u201d.<\/p>\n\n\n\n<p><\/p>\n","protected":false},"excerpt":{"rendered":"<p>Agen\u021bia de Dezvoltare Regional\u0103 Nord-Vest (ADR Nord-Vest) \u00eendepline\u0219te func\u021bia de Autoritate de Management pentru Programul Regional Nord-Vest (PR Nord-Vest) 2021-2027. \u00cen aceast\u0103 calitate,&nbsp;ADR Nord-Vest a elaborat documentul strategic PR Nord-Vest 2021-2027&nbsp;prin care va sus\u021bine implementarea proiectelor de dezvoltare a regiunii prin finan\u021b\u0103ri din Fondul European pentru Dezvoltare Regional\u0103 (FEDR) \u0219i de la bugetul de stat, [&hellip;]<\/p>\n","protected":false},"author":1,"featured_media":441,"parent":0,"menu_order":0,"comment_status":"closed","ping_status":"closed","template":"templates\/template-full-width.php","meta":{"beyondwords_generate_audio":"1","beyondwords_project_id":"16566","beyondwords_podcast_id":"4695118","beyondwords_hash":"fe8c48f9ca0d9eba356fadef352a089bb55ebc84","beyondwords_error_message":"","beyondwords_disabled":"","publish_post_to_speechkit":"1","speechkit_generate_audio":"1","speechkit_project_id":"16566","speechkit_podcast_id":"4695118","speechkit_hash":"90475dd0695b7476bb3599b06d03d47cb62d6949","speechkit_error_message":"","speechkit_disabled":"","speechkit_access_key":"","speechkit_error":"","speechkit_info":"","speechkit_response":"","speechkit_retries":"","speechkit_status":"Updated","_speechkit_disable_generate_audio":"","_speechkit_link":"","_speechkit_text":""},"_links":{"self":[{"href":"https:\/\/old.regionordvest.ro\/index.php?rest_route=\/wp\/v2\/pages\/9"}],"collection":[{"href":"https:\/\/old.regionordvest.ro\/index.php?rest_route=\/wp\/v2\/pages"}],"about":[{"href":"https:\/\/old.regionordvest.ro\/index.php?rest_route=\/wp\/v2\/types\/page"}],"author":[{"embeddable":true,"href":"https:\/\/old.regionordvest.ro\/index.php?rest_route=\/wp\/v2\/users\/1"}],"replies":[{"embeddable":true,"href":"https:\/\/old.regionordvest.ro\/index.php?rest_route=%2Fwp%2Fv2%2Fcomments&post=9"}],"version-history":[{"count":77,"href":"https:\/\/old.regionordvest.ro\/index.php?rest_route=\/wp\/v2\/pages\/9\/revisions"}],"predecessor-version":[{"id":653,"href":"https:\/\/old.regionordvest.ro\/index.php?rest_route=\/wp\/v2\/pages\/9\/revisions\/653"}],"wp:featuredmedia":[{"embeddable":true,"href":"https:\/\/old.regionordvest.ro\/index.php?rest_route=\/wp\/v2\/media\/441"}],"wp:attachment":[{"href":"https:\/\/old.regionordvest.ro\/index.php?rest_route=%2Fwp%2Fv2%2Fmedia&parent=9"}],"curies":[{"name":"wp","href":"https:\/\/api.w.org\/{rel}","templated":true}]}}